{"id":19629,"date":"2026-05-14T09:58:44","date_gmt":"2026-05-14T07:58:44","guid":{"rendered":"https:\/\/guitar2amp.de\/?post_type=product&#038;p=19629"},"modified":"2026-05-14T09:58:45","modified_gmt":"2026-05-14T07:58:45","slug":"2020-suhr-classic-s-limited-edition-firemist-metallic-used-3","status":"publish","type":"product","link":"https:\/\/guitar2amp.de\/index.php\/pl\/product\/2020-suhr-classic-s-limited-edition-firemist-metallic-used-3\/","title":{"rendered":"2020 Suhr Classic S Limited Edition Firemist Metallic [USED]"},"content":{"rendered":"<h2 data-section-id=\"d0rtfm\" data-start=\"0\" data-end=\"58\"><span style=\"color: #000000;\">2020 Suhr Classic Limited Edition \u2013 Firemist Metallic<\/span><\/h2>\n<p data-start=\"60\" data-end=\"370\"><span style=\"color: #000000;\"><strong data-start=\"60\" data-end=\"97\">2020 Suhr Classic Limited Edition<\/strong> w wyj\u0105tkowym wyko\u0144czeniu <strong data-start=\"123\" data-end=\"144\">Firemist Metallic<\/strong> to doskona\u0142y przyk\u0142ad po\u0142\u0105czenia vintage\u2019owej inspiracji z nowoczesn\u0105 precyzj\u0105 i niezawodno\u015bci\u0105. Instrument stworzony dla gitarzyst\u00f3w oczekuj\u0105cych perfekcyjnej grywalno\u015bci, stabilno\u015bci stroju oraz butikowej jako\u015bci wykonania.<\/span><\/p>\n<p data-start=\"372\" data-end=\"627\"><span style=\"color: #000000;\">Eleganckie wyko\u0144czenie <strong data-start=\"395\" data-end=\"416\">Firemist Metallic<\/strong> sprawia, \u017ce ta limitowana wersja wyr\u00f3\u017cnia si\u0119 zar\u00f3wno wizualnie, jak i brzmieniowo. Lekki i rezonuj\u0105cy korpus w po\u0142\u0105czeniu ze znakomit\u0105 konstrukcj\u0105 gryfu Suhr daje niezwykle dynamiczny i inspiruj\u0105cy instrument.<\/span><\/p>\n<hr data-start=\"629\" data-end=\"632\" \/>\n<h2 data-section-id=\"1mcolpq\" data-start=\"634\" data-end=\"651\"><span style=\"color: #000000;\">O marce Suhr<\/span><\/h2>\n<p data-start=\"653\" data-end=\"936\"><span style=\"color: #000000;\">Za\u0142o\u017cona przez legendarnego lutnika <strong data-start=\"689\" data-end=\"704\">Johna Suhra<\/strong>, marka Suhr od lat nale\u017cy do najbardziej cenionych producent\u00f3w gitar butikowych na \u015bwiecie. Instrumenty tej firmy s\u0142yn\u0105 z perfekcyjnego wykonania, doskona\u0142ego setupu, idealnej pracy prog\u00f3w i niezawodno\u015bci scenicznej oraz studyjnej.<\/span><\/p>\n<p data-start=\"938\" data-end=\"1027\"><span style=\"color: #000000;\">Suhr \u0142\u0105czy klasyczny charakter vintage z nowoczesn\u0105 precyzj\u0105 i powtarzalno\u015bci\u0105 wykonania.<\/span><\/p>\n<hr data-start=\"1029\" data-end=\"1032\" \/>\n<h2 data-section-id=\"1duemni\" data-start=\"1034\" data-end=\"1052\"><span style=\"color: #000000;\">Model Classic<\/span><\/h2>\n<p data-start=\"1054\" data-end=\"1249\"><span style=\"color: #000000;\"><strong data-start=\"1054\" data-end=\"1070\">Suhr Classic<\/strong> to nowoczesna interpretacja klasycznego S-Style. Zachowuje dynamik\u0119 i feeling vintage\u2019owych instrument\u00f3w, jednocze\u015bnie oferuj\u0105c wy\u017cszy komfort gry, lepsz\u0105 ergonomi\u0119 i stabilno\u015b\u0107.<\/span><\/p>\n<p data-start=\"1251\" data-end=\"1394\"><span style=\"color: #000000;\">Ta limitowana wersja oferuje \u015bwietny rezonans, p\u0142ynny atak i bardzo selektywne, zbalansowane brzmienie charakterystyczne dla instrument\u00f3w Suhr.<\/span><\/p>\n<hr data-start=\"1396\" data-end=\"1399\" \/>\n<h2 data-section-id=\"lodat0\" data-start=\"1401\" data-end=\"1418\"><span style=\"color: #000000;\">Specyfikacja<\/span><\/h2>\n<ul data-start=\"1420\" data-end=\"1893\">\n<li data-section-id=\"1ufkps5\" data-start=\"1420\" data-end=\"1463\"><span style=\"color: #000000;\">Model: <strong data-start=\"1429\" data-end=\"1461\">Suhr Classic Limited Edition<\/strong><\/span><\/li>\n<li data-section-id=\"5ixr5w\" data-start=\"1464\" data-end=\"1481\"><span style=\"color: #000000;\">Rok: <strong data-start=\"1471\" data-end=\"1479\">2020<\/strong><\/span><\/li>\n<li data-section-id=\"1fjzm26\" data-start=\"1482\" data-end=\"1520\"><span style=\"color: #000000;\">Wyko\u0144czenie: <strong data-start=\"1497\" data-end=\"1518\">Firemist Metallic<\/strong><\/span><\/li>\n<li data-section-id=\"aw1faz\" data-start=\"1521\" data-end=\"1542\"><span style=\"color: #000000;\">Korpus: <strong data-start=\"1531\" data-end=\"1540\">olcha<\/strong><\/span><\/li>\n<li data-section-id=\"1t5p19a\" data-start=\"1543\" data-end=\"1561\"><span style=\"color: #000000;\">Gryf: <strong data-start=\"1551\" data-end=\"1559\">klon<\/strong><\/span><\/li>\n<li data-section-id=\"1l08gvu\" data-start=\"1562\" data-end=\"1631\"><span style=\"color: #000000;\">Podstrunnica: <strong data-start=\"1578\" data-end=\"1629\">rosewood \/ maple (w zale\u017cno\u015bci od specyfikacji)<\/strong><\/span><\/li>\n<li data-section-id=\"gwahes\" data-start=\"1632\" data-end=\"1671\"><span style=\"color: #000000;\">Radius: <strong data-start=\"1642\" data-end=\"1669\">10&#8243;\u201314&#8243; Compound Radius<\/strong><\/span><\/li>\n<li data-section-id=\"y35rs4\" data-start=\"1672\" data-end=\"1708\"><span style=\"color: #000000;\">Progi: <strong data-start=\"1681\" data-end=\"1706\">stainless steel frets<\/strong><\/span><\/li>\n<li data-section-id=\"1y2jhur\" data-start=\"1709\" data-end=\"1743\"><span style=\"color: #000000;\">Pickupy: <strong data-start=\"1720\" data-end=\"1741\">Suhr Single Coils<\/strong><\/span><\/li>\n<li data-section-id=\"1psrn90\" data-start=\"1744\" data-end=\"1777\"><span style=\"color: #000000;\">Mostek: <strong data-start=\"1754\" data-end=\"1775\">Gotoh 510 Tremolo<\/strong><\/span><\/li>\n<li data-section-id=\"ixgt8g\" data-start=\"1778\" data-end=\"1813\"><span style=\"color: #000000;\">Klucze: <strong data-start=\"1788\" data-end=\"1811\">Suhr Locking Tuners<\/strong><\/span><\/li>\n<li data-section-id=\"1ry58x7\" data-start=\"1814\" data-end=\"1860\"><span style=\"color: #000000;\">Lakier: <strong data-start=\"1824\" data-end=\"1858\">Nitro \/ Thin Skin Style Finish<\/strong><\/span><\/li>\n<li data-section-id=\"13jd7y5\" data-start=\"1861\" data-end=\"1893\"><span style=\"color: #000000;\">Pochodzenie: <strong data-start=\"1876\" data-end=\"1891\">Made in USA<\/strong><\/span><\/li>\n<\/ul>\n<hr data-start=\"1895\" data-end=\"1898\" \/>\n<h2 data-section-id=\"1flu3uc\" data-start=\"1900\" data-end=\"1926\"><span style=\"color: #000000;\">Brzmienie i charakter<\/span><\/h2>\n<ul data-start=\"1928\" data-end=\"2106\">\n<li data-section-id=\"11n7c06\" data-start=\"1928\" data-end=\"1963\"><span style=\"color: #000000;\">bardzo dynamiczna i responsywna<\/span><\/li>\n<li data-section-id=\"zcrenl\" data-start=\"1964\" data-end=\"2010\"><span style=\"color: #000000;\">zbalansowane brzmienie inspirowane vintage<\/span><\/li>\n<li data-section-id=\"2976ep\" data-start=\"2011\" data-end=\"2042\"><span style=\"color: #000000;\">znakomita stabilno\u015b\u0107 stroju<\/span><\/li>\n<li data-section-id=\"1kg2vmr\" data-start=\"2043\" data-end=\"2069\"><span style=\"color: #000000;\">nowoczesny komfort gry<\/span><\/li>\n<li data-section-id=\"47hil5\" data-start=\"2070\" data-end=\"2106\"><span style=\"color: #000000;\">perfekcyjna praca prog\u00f3w i setup<\/span><\/li>\n<\/ul>\n<p data-start=\"2108\" data-end=\"2188\"><span style=\"color: #000000;\">Profesjonalny instrument idealny zar\u00f3wno na scen\u0119, do studia, jak i do kolekcji.<\/span><\/p>\n<hr data-start=\"2190\" data-end=\"2193\" \/>\n<h2 data-section-id=\"1gzlxm2\" data-start=\"2195\" data-end=\"2213\"><span style=\"color: #000000;\">Stan i zestaw<\/span><\/h2>\n<p data-start=\"2215\" data-end=\"2277\"><span style=\"color: #000000;\">Bardzo dobry stan z normalnymi \u015bladami ostro\u017cnego u\u017cytkowania.<\/span><\/p>\n<p data-start=\"2279\" data-end=\"2329\"><span style=\"color: #000000;\">W zestawie oryginalny futera\u0142 Suhr oraz dokumenty.<\/span><\/p>\n<hr data-start=\"2331\" data-end=\"2334\" \/>\n<h2 data-section-id=\"tzyumt\" data-start=\"2336\" data-end=\"2361\"><span style=\"color: #000000;\">Dlaczego Guitar2Amp?<\/span><\/h2>\n<p data-start=\"2363\" data-end=\"2575\"><span style=\"color: #000000;\">Guitar2Amp specjalizuje si\u0119 w starannie wyselekcjonowanych gitarach butikowych i instrumentach klasy premium dla muzyk\u00f3w oraz kolekcjoner\u00f3w. Ka\u017cda gitara przechodzi profesjonalny przegl\u0105d i setup przed sprzeda\u017c\u0105.<\/span><\/p>\n<hr data-start=\"2577\" data-end=\"2580\" \/>\n<p data-start=\"2582\" data-end=\"2641\" data-is-last-node=\"\" data-is-only-node=\"\"><span style=\"color: #000000;\">\ud83d\udccd Dost\u0119pna w Guitar2Amp<\/span><br data-start=\"2606\" data-end=\"2609\" \/><span style=\"color: #000000;\">\ud83d\udce6 Mo\u017cliwa wysy\u0142ka na ca\u0142y \u015bwiat<\/span><\/p>\n","protected":false},"excerpt":{"rendered":"<h2 data-section-id=\"d0rtfm\" data-start=\"0\" data-end=\"58\"><span style=\"color: #000000;\">2020 Suhr Classic Limited Edition \u2013 Firemist Metallic<\/span><\/h2>\n<p data-start=\"60\" data-end=\"370\"><span style=\"color: #000000;\"><strong data-start=\"60\" data-end=\"97\">2020 Suhr Classic Limited Edition<\/strong> w wyj\u0105tkowym wyko\u0144czeniu <strong data-start=\"123\" data-end=\"144\">Firemist Metallic<\/strong> to doskona\u0142y przyk\u0142ad po\u0142\u0105czenia vintage\u2019owej inspiracji z nowoczesn\u0105 precyzj\u0105 i niezawodno\u015bci\u0105. Instrument stworzony dla gitarzyst\u00f3w oczekuj\u0105cych perfekcyjnej grywalno\u015bci, stabilno\u015bci stroju oraz butikowej jako\u015bci wykonania.<\/span><\/p>\n<p data-start=\"372\" data-end=\"627\"><span style=\"color: #000000;\">Eleganckie wyko\u0144czenie <strong data-start=\"395\" data-end=\"416\">Firemist Metallic<\/strong> sprawia, \u017ce ta limitowana wersja wyr\u00f3\u017cnia si\u0119 zar\u00f3wno wizualnie, jak i brzmieniowo. Lekki i rezonuj\u0105cy korpus w po\u0142\u0105czeniu ze znakomit\u0105 konstrukcj\u0105 gryfu Suhr daje niezwykle dynamiczny i inspiruj\u0105cy instrument.<\/span><\/p>\n","protected":false},"featured_media":19630,"template":"","meta":{"_monsterinsights_skip_tracking":false,"_monsterinsights_sitenote_active":false,"_monsterinsights_sitenote_note":"","_monsterinsights_sitenote_category":0,"_uf_show_specific_survey":0,"_uf_disable_surveys":false,"_kadence_starter_templates_imported_post":false,"_kad_post_transparent":"default","_kad_post_title":"","_kad_post_layout":"default","_kad_post_sidebar_id":"","_kad_post_content_style":"default","_kad_post_vertical_padding":"default","_kad_post_feature":"","_kad_post_feature_position":"","_kad_post_header":false,"_kad_post_footer":false,"_kad_post_classname":""},"product_brand":[],"product_cat":[3265,3261],"product_tag":[],"class_list":{"0":"post-19629","1":"product","2":"type-product","3":"status-publish","4":"has-post-thumbnail","6":"product_cat-elektryczne-pl","7":"product_cat-gitary","9":"first","10":"outofstock","11":"shipping-taxable","12":"purchasable","13":"product-type-simple","14":"entry","15":"content-bg","16":"loop-entry"},"jetpack_sharing_enabled":true,"_links":{"self":[{"href":"https:\/\/guitar2amp.de\/index.php\/wp-json\/wp\/v2\/product\/19629","targetHints":{"allow":["GET"]}}],"collection":[{"href":"https:\/\/guitar2amp.de\/index.php\/wp-json\/wp\/v2\/product"}],"about":[{"href":"https:\/\/guitar2amp.de\/index.php\/wp-json\/wp\/v2\/types\/product"}],"wp:featuredmedia":[{"embeddable":true,"href":"https:\/\/guitar2amp.de\/index.php\/wp-json\/wp\/v2\/media\/19630"}],"wp:attachment":[{"href":"https:\/\/guitar2amp.de\/index.php\/wp-json\/wp\/v2\/media?parent=19629"}],"wp:term":[{"taxonomy":"product_brand","embeddable":true,"href":"https:\/\/guitar2amp.de\/index.php\/wp-json\/wp\/v2\/product_brand?post=19629"},{"taxonomy":"product_cat","embeddable":true,"href":"https:\/\/guitar2amp.de\/index.php\/wp-json\/wp\/v2\/product_cat?post=19629"},{"taxonomy":"product_tag","embeddable":true,"href":"https:\/\/guitar2amp.de\/index.php\/wp-json\/wp\/v2\/product_tag?post=19629"}],"curies":[{"name":"wp","href":"https:\/\/api.w.org\/{rel}","templated":true}]}}