{"id":5685,"date":"2023-05-31T12:50:56","date_gmt":"2023-05-31T10:50:56","guid":{"rendered":"https:\/\/guitar2amp.de\/?post_type=product&#038;p=5685"},"modified":"2025-09-30T22:15:57","modified_gmt":"2025-09-30T20:15:57","slug":"d-tone-amps-overdrive-specialist-50w-head-dumble-ods-special-style-2","status":"publish","type":"product","link":"https:\/\/guitar2amp.de\/index.php\/de\/product\/d-tone-amps-overdrive-specialist-50w-head-dumble-ods-special-style-2\/","title":{"rendered":"D-TONE AMPS OVERDRIVE SPECIALIST 50W head"},"content":{"rendered":"<p>D-TONE AMPS ist ein kleiner europ\u00e4ischer Hersteller, der sich auf den Bau von D-Style-Verst\u00e4rkern spezialisiert hat, basierend auf dem Dumble*-Sound. Jeder Verst\u00e4rker wird aus hochwertigsten Komponenten in der P2P-Technik auf einer Revolverplatine handverdrahtet. Das Layout basiert auf dem ber\u00fchmten Overdrive Special*-Kopfdesign und wurde bis ins kleinste Detail reproduziert, um den legend\u00e4ren Klang der Dumble*-Verst\u00e4rker zu erzielen. Detaillierte Spezifikationen und Demos finden Sie auf der offiziellen Website des Herstellers <span style=\"color: #ff0000;\"><a style=\"color: #ff0000;\" href=\"http:\/\/www.d-toneamps.com\">www.d-toneamps.com<\/a><\/span><\/p>\n<p>Der Verst\u00e4rker ist in zwei Versionen erh\u00e4ltlich: 120 V und 230 V. Geben Sie beim Kauf an, welche Version wir versenden sollen.<\/p>\n<p>Wir empfehlen den Kauf eines Sets aus Topteil und Box, da Standardboxen nicht den vollen Charakter des legend\u00e4ren Dumble*-Sounds widerspiegeln.<\/p>\n<p>*Alle Produktnamen und Marken sind Eigentum ihrer jeweiligen Inhaber. Alle verwendeten Firmen-, Produkt- und Dienstleistungsnamen dienen ausschlie\u00dflich Identifikationszwecken.<\/p>\n<div style=\"overflow: hidden; resize: none; max-width: 100%;\">\n<div id=\"embed-google-map\" style=\"height: 100%; width: 100%; max-width: 100%;\">\n<p><iframe loading=\"lazy\" src=\"https:\/\/www.youtube.com\/embed\/M9CIoSWvXl8?ecver=1&amp;iv_load_policy=1&amp;yt:stretch=16:9&amp;autohide=1&amp;color=red&amp;width=560&amp;width=560\" width=\"560\" height=\"315\" frameborder=\"0\" allowfullscreen=\"allowfullscreen\"><\/iframe><\/p>\n<\/div>\n<div style=\"overflow: hidden; resize: none; max-width: 100%;\">\n<div id=\"embed-google-map\" style=\"height: 100%; width: 100%; max-width: 100%;\"><iframe loading=\"lazy\" src=\"https:\/\/www.youtube.com\/embed\/lcuACQKyZBo?ecver=1&amp;iv_load_policy=1&amp;yt:stretch=16:9&amp;autohide=1&amp;color=red&amp;width=560&amp;width=560\" width=\"560\" height=\"315\" frameborder=\"0\" allowfullscreen=\"allowfullscreen\"><\/iframe><\/div>\n<\/div>\n<div style=\"overflow: hidden; resize: none; max-width: 100%;\">\n<div id=\"embed-google-map\" style=\"height: 100%; width: 100%; max-width: 100%;\"><iframe loading=\"lazy\" src=\"https:\/\/www.youtube.com\/embed\/eKUeq34C9m0?ecver=1&amp;iv_load_policy=1&amp;yt:stretch=16:9&amp;autohide=1&amp;color=red&amp;width=560&amp;width=560\" width=\"560\" height=\"315\" frameborder=\"0\" allowfullscreen=\"allowfullscreen\"><\/iframe><\/div>\n<\/div>\n<div style=\"overflow: hidden; resize: none; max-width: 100%;\">\n<div id=\"embed-google-map\" style=\"height: 100%; width: 100%; max-width: 100%;\">\n<p><iframe loading=\"lazy\" src=\"https:\/\/www.youtube.com\/embed\/dRzHWZtv21Q?ecver=1&amp;iv_load_policy=1&amp;yt:stretch=16:9&amp;autohide=1&amp;color=red&amp;width=560&amp;width=560\" width=\"560\" height=\"315\" frameborder=\"0\" allowfullscreen=\"allowfullscreen\"><\/iframe><\/p>\n<\/div>\n<\/div>\n<div style=\"overflow: hidden; resize: none; max-width: 100%;\">\n<div id=\"embed-google-map\" style=\"height: 100%; width: 100%; max-width: 100%;\">\n<p><iframe loading=\"lazy\" src=\"https:\/\/www.youtube.com\/embed\/vmuWr8haHZE?ecver=1&amp;iv_load_policy=1&amp;yt:stretch=16:9&amp;autohide=1&amp;color=red&amp;width=560&amp;width=560\" width=\"560\" height=\"315\" frameborder=\"0\" allowfullscreen=\"allowfullscreen\"><\/iframe><\/p>\n<div style=\"overflow: hidden; resize: none; max-width: 100%;\">\n<div id=\"embed-google-map\" style=\"height: 100%; width: 100%; max-width: 100%;\">\n<p><iframe loading=\"lazy\" src=\"https:\/\/www.youtube.com\/embed\/rl4G26S-yGE?ecver=1&amp;iv_load_policy=1&amp;yt:stretch=16:9&amp;autohide=1&amp;color=red&amp;width=560&amp;width=560\" width=\"560\" height=\"315\" frameborder=\"0\" allowfullscreen=\"allowfullscreen\"><\/iframe><\/p>\n<\/div>\n<\/div>\n<\/div>\n<\/div>\n<\/div>\n","protected":false},"excerpt":{"rendered":"<p>Guitar2Amp \u2013 wir sind der offizielle Vertreter und Distributor von D-TONE AMPS-Verst\u00e4rkern. Das zum Verkauf stehende Produkt ist neu und verf\u00fcgt \u00fcber eine einj\u00e4hrige Garantie. Der Verst\u00e4rker verf\u00fcgt \u00fcber das \u201eCE\u201c-Zeichen, was bedeutet, dass er die strengen EU-Normen hinsichtlich der Sicherheit bei der Verwendung des Ger\u00e4ts erf\u00fcllt.<br \/>\nAufgrund des \u201eCustom\u201c-Produkts akzeptieren wir keine R\u00fccksendungen. Bei Interesse zum Testen kann der Verst\u00e4rker gerne bei uns im Stammhaus \u201ebespielt\u201c werden!<\/p>\n","protected":false},"featured_media":5686,"template":"","meta":{"_monsterinsights_skip_tracking":false,"_monsterinsights_sitenote_active":false,"_monsterinsights_sitenote_note":"","_monsterinsights_sitenote_category":0,"_uf_show_specific_survey":0,"_uf_disable_surveys":false,"_kadence_starter_templates_imported_post":false,"_kad_post_transparent":"default","_kad_post_title":"","_kad_post_layout":"default","_kad_post_sidebar_id":"","_kad_post_content_style":"default","_kad_post_vertical_padding":"default","_kad_post_feature":"","_kad_post_feature_position":"","_kad_post_header":false,"_kad_post_footer":false,"_kad_post_classname":""},"product_brand":[],"product_cat":[221,219],"product_tag":[],"class_list":{"0":"post-5685","1":"product","2":"type-product","3":"status-publish","4":"has-post-thumbnail","6":"product_cat-e-gitarren-verstaerke","7":"product_cat-verstaerke","8":"product_shipping_class-medium","10":"first","11":"onbackorder","12":"shipping-taxable","13":"purchasable","14":"product-type-simple","15":"entry","16":"content-bg","17":"loop-entry"},"jetpack_sharing_enabled":true,"_links":{"self":[{"href":"https:\/\/guitar2amp.de\/index.php\/wp-json\/wp\/v2\/product\/5685","targetHints":{"allow":["GET"]}}],"collection":[{"href":"https:\/\/guitar2amp.de\/index.php\/wp-json\/wp\/v2\/product"}],"about":[{"href":"https:\/\/guitar2amp.de\/index.php\/wp-json\/wp\/v2\/types\/product"}],"wp:featuredmedia":[{"embeddable":true,"href":"https:\/\/guitar2amp.de\/index.php\/wp-json\/wp\/v2\/media\/5686"}],"wp:attachment":[{"href":"https:\/\/guitar2amp.de\/index.php\/wp-json\/wp\/v2\/media?parent=5685"}],"wp:term":[{"taxonomy":"product_brand","embeddable":true,"href":"https:\/\/guitar2amp.de\/index.php\/wp-json\/wp\/v2\/product_brand?post=5685"},{"taxonomy":"product_cat","embeddable":true,"href":"https:\/\/guitar2amp.de\/index.php\/wp-json\/wp\/v2\/product_cat?post=5685"},{"taxonomy":"product_tag","embeddable":true,"href":"https:\/\/guitar2amp.de\/index.php\/wp-json\/wp\/v2\/product_tag?post=5685"}],"curies":[{"name":"wp","href":"https:\/\/api.w.org\/{rel}","templated":true}]}}