{"id":6829,"date":"2023-06-07T13:51:37","date_gmt":"2023-06-07T11:51:37","guid":{"rendered":"https:\/\/guitar2amp.de\/?post_type=product&#038;p=6829"},"modified":"2026-01-17T17:11:12","modified_gmt":"2026-01-17T16:11:12","slug":"1960-gibson-es-125-tc-factory-sideways-vibrola-2","status":"publish","type":"product","link":"https:\/\/guitar2amp.de\/index.php\/de\/product\/1960-gibson-es-125-tc-factory-sideways-vibrola-2\/","title":{"rendered":"1960 Gibson ES 125 TC Factory Sideways Vibrola"},"content":{"rendered":"<p><strong>Gibson ES-123T 1690 Sideways Vibrola \u2013 Eine klassische Gitarre mit einzigartigem Charakter<\/strong><\/p>\n<p>Lernen Sie die <strong>Gibson ES-123T 1690 Sideways Vibrola<\/strong> kennen, eine seltene und au\u00dfergew\u00f6hnliche Gitarre, die klassisches Aussehen mit einzigartigen Designelementen kombiniert, die die Gibson-Gitarren der 1960er Jahre pr\u00e4gten. Dieses Modell, erh\u00e4ltlich in einem atemberaubenden <strong>Sunburst<\/strong>-Finish, zeichnet sich durch den Sideways Vibrola-Mechanismus aus, eine Sonderausstattung auf Bestellung, die Ihrem Spiel Tiefe und Ausdruckskraft verleiht und subtile, schwebende Vibratoeffekte erm\u00f6glicht.<\/p>\n<p><strong>Wichtige Merkmale der Gibson ES-123T 1690 Sideways Vibrola:<\/strong><\/p>\n<ul>\n<li><strong>Korpus:<\/strong> Hergestellt aus laminiertem Ahorn, bietet hervorragende Resonanz und einen warmen, vollen Ton. Die Thinline-Hollowbody-Konstruktion sorgt f\u00fcr ein leichtes Gef\u00fchl und komfortable Spielbarkeit.<\/li>\n<li><strong>Hals:<\/strong> Mahagoni mit einem Profil, das typisch f\u00fcr die 1960er Jahre ist, bietet Komfort und sanfte \u00dcberg\u00e4nge zwischen den Positionen.<\/li>\n<li><strong>Griffbrett:<\/strong> Palisander mit trapezf\u00f6rmigen Einlagen, die der Gitarre Eleganz und einen klassischen Vintage-Look verleihen.<\/li>\n<li><strong>Vibrato-Mechanismus:<\/strong> <strong>Sideways Vibrola<\/strong> \u2013 eine Sonderausstattung auf Bestellung, die subtile Vibrato-Effekte erm\u00f6glicht, die charakteristisch f\u00fcr Gitarren aus den 1960er Jahren sind.<\/li>\n<li><strong>Tonabnehmer:<\/strong> Original Gibson-Humbucker, die ein breites Klangspektrum bieten, von warmen, weichen T\u00f6nen bis hin zu kraftvollen, artikulierten Sounds.<\/li>\n<li><strong>Finish:<\/strong> <strong>Sunburst<\/strong> \u2013 ein klassisches Finish, das das traditionelle Aussehen der Gitarre und ihren Vintage-Charakter hervorhebt.<\/li>\n<\/ul>\n<p><strong>Warum die Gibson ES-123T 1690 Sideways Vibrola w\u00e4hlen?<\/strong><\/p>\n<p>Die <strong>Gibson ES-123T 1690 Sideways Vibrola<\/strong> ist eine ausgezeichnete Wahl f\u00fcr Musiker, die eine Gitarre mit einzigartigem Klang und klassischem Stil suchen. Mit der Sideways Vibrola, die als Sonderausstattung auf Bestellung erh\u00e4ltlich ist, bietet dieses Modell au\u00dfergew\u00f6hnliche Ausdrucksm\u00f6glichkeiten, ideal f\u00fcr Blues, Jazz und Rock. Sie ist mehr als nur ein Instrument \u2013 sie ist ein St\u00fcck Gibson-Geschichte, das jeder Gitarrensammlung Charakter verleiht. Egal, ob Sie auf der B\u00fchne, im Studio oder zu Hause spielen, diese Gitarre wird Sie inspirieren und eine unvergleichliche Klangqualit\u00e4t liefern.<\/p>\n","protected":false},"excerpt":{"rendered":"<p>1960 Gibson ES-125 im Cherry Sunburst-Finish. Die Gitarre ist komplett original und verf\u00fcgt \u00fcber eine unglaublich seltene Werks-Seitenzug-Vibrola. Keine Br\u00fcche, Risse, Reparaturen. Das Kirsch-Sunburst-Finish ist immer noch sehr lebendig. Sch\u00f6ne Figur auch am K\u00f6rper. Schlankerer Profilhals, der wie Butter spielt! Die Saitenlage ist niedrig und die B\u00fcnde sind sauber. Auch akustisch sch\u00f6n und laut. Der P-90 liest sich kr\u00e4ftig und klingt fantastisch. Voll, druckvoll und reaktionsschnell. Eine wirklich besondere Gitarre hier. HSC inklusive.<\/p>\n","protected":false},"featured_media":6830,"template":"","meta":{"_monsterinsights_skip_tracking":false,"_monsterinsights_sitenote_active":false,"_monsterinsights_sitenote_note":"","_monsterinsights_sitenote_category":0,"_uf_show_specific_survey":0,"_uf_disable_surveys":false,"_kadence_starter_templates_imported_post":false,"_kad_post_transparent":"default","_kad_post_title":"","_kad_post_layout":"default","_kad_post_sidebar_id":"","_kad_post_content_style":"default","_kad_post_vertical_padding":"default","_kad_post_feature":"","_kad_post_feature_position":"","_kad_post_header":false,"_kad_post_footer":false,"_kad_post_classname":""},"product_brand":[],"product_cat":[203,209,211],"product_tag":[2833],"class_list":{"0":"post-6829","1":"product","2":"type-product","3":"status-publish","4":"has-post-thumbnail","6":"product_cat-gitarren","7":"product_cat-semiakustik","8":"product_cat-vintage-de","9":"product_tag-gibson-es125-es-125-vibrola","10":"product_shipping_class-expensive","12":"first","13":"outofstock","14":"shipping-taxable","15":"purchasable","16":"product-type-simple","17":"entry","18":"content-bg","19":"loop-entry"},"jetpack_sharing_enabled":true,"_links":{"self":[{"href":"https:\/\/guitar2amp.de\/index.php\/wp-json\/wp\/v2\/product\/6829","targetHints":{"allow":["GET"]}}],"collection":[{"href":"https:\/\/guitar2amp.de\/index.php\/wp-json\/wp\/v2\/product"}],"about":[{"href":"https:\/\/guitar2amp.de\/index.php\/wp-json\/wp\/v2\/types\/product"}],"wp:featuredmedia":[{"embeddable":true,"href":"https:\/\/guitar2amp.de\/index.php\/wp-json\/wp\/v2\/media\/6830"}],"wp:attachment":[{"href":"https:\/\/guitar2amp.de\/index.php\/wp-json\/wp\/v2\/media?parent=6829"}],"wp:term":[{"taxonomy":"product_brand","embeddable":true,"href":"https:\/\/guitar2amp.de\/index.php\/wp-json\/wp\/v2\/product_brand?post=6829"},{"taxonomy":"product_cat","embeddable":true,"href":"https:\/\/guitar2amp.de\/index.php\/wp-json\/wp\/v2\/product_cat?post=6829"},{"taxonomy":"product_tag","embeddable":true,"href":"https:\/\/guitar2amp.de\/index.php\/wp-json\/wp\/v2\/product_tag?post=6829"}],"curies":[{"name":"wp","href":"https:\/\/api.w.org\/{rel}","templated":true}]}}