{"id":7175,"date":"2023-09-15T13:32:52","date_gmt":"2023-09-15T11:32:52","guid":{"rendered":"https:\/\/guitar2amp.de\/?post_type=product&#038;p=7175"},"modified":"2024-05-13T12:18:39","modified_gmt":"2024-05-13T10:18:39","slug":"marshall-2061x-lead-bass-20-limited-snake-skin-edition-2","status":"publish","type":"product","link":"https:\/\/guitar2amp.de\/index.php\/de\/product\/marshall-2061x-lead-bass-20-limited-snake-skin-edition-2\/","title":{"rendered":"Marshall 2061x &#8220;Lead &#038; Bass 20&#8221; Limited &#8220;Snake Skin&#8221; Edition"},"content":{"rendered":"<p><b><strong>The 2061X Guitar Tube Amplifier Head main features include:<\/strong><\/b><\/p>\n<ul>\n<li>20 Watt Output (RMS)<\/li>\n<li>2 X ECC83 Pre-Amp Valves<\/li>\n<li>2 X EL84 Power Amp Valves<\/li>\n<li>Dimensions (mm): 510 x 208 x 206<\/li>\n<li>Weight: 10kg<\/li>\n<li>Snake Skin Finish &#8211; Limited Edition<\/li>\n<\/ul>\n","protected":false},"excerpt":{"rendered":"<h2><span style=\"color: #ff0000;\"><strong>OUT\u00a0OF\u00a0STOCK<\/strong><\/span><\/h2>\n<p>Zu verkaufen ist Marshall 2061x Lead and Bass 20 Reissue, der urspr\u00fcnglich in den sp\u00e4ten 1960er bis fr\u00fchen 1970er Jahren hergestellt wurde. Handverdrahtete Serie, Punkt zu Punkt. Klassischer alter Marshall-Sound in angemessener Lautst\u00e4rke. Ein sehr dynamischer Verst\u00e4rker! Schlangenhaut-Version in limitierter Auflage. Hard Case inkl.<\/p>\n","protected":false},"featured_media":7176,"template":"","meta":{"_monsterinsights_skip_tracking":false,"_monsterinsights_sitenote_active":false,"_monsterinsights_sitenote_note":"","_monsterinsights_sitenote_category":0,"_uf_show_specific_survey":0,"_uf_disable_surveys":false,"_kadence_starter_templates_imported_post":false,"_kad_post_transparent":"default","_kad_post_title":"","_kad_post_layout":"default","_kad_post_sidebar_id":"","_kad_post_content_style":"default","_kad_post_vertical_padding":"default","_kad_post_feature":"","_kad_post_feature_position":"","_kad_post_header":false,"_kad_post_footer":false,"_kad_post_classname":""},"product_brand":[],"product_cat":[3648,219],"product_tag":[],"class_list":{"0":"post-7175","1":"product","2":"type-product","3":"status-publish","4":"has-post-thumbnail","6":"product_cat-archivamps","7":"product_cat-verstaerke","8":"product_shipping_class-expensive","10":"first","11":"outofstock","12":"shipping-taxable","13":"product-type-simple","14":"entry","15":"content-bg","16":"loop-entry"},"jetpack_sharing_enabled":true,"_links":{"self":[{"href":"https:\/\/guitar2amp.de\/index.php\/wp-json\/wp\/v2\/product\/7175","targetHints":{"allow":["GET"]}}],"collection":[{"href":"https:\/\/guitar2amp.de\/index.php\/wp-json\/wp\/v2\/product"}],"about":[{"href":"https:\/\/guitar2amp.de\/index.php\/wp-json\/wp\/v2\/types\/product"}],"wp:featuredmedia":[{"embeddable":true,"href":"https:\/\/guitar2amp.de\/index.php\/wp-json\/wp\/v2\/media\/7176"}],"wp:attachment":[{"href":"https:\/\/guitar2amp.de\/index.php\/wp-json\/wp\/v2\/media?parent=7175"}],"wp:term":[{"taxonomy":"product_brand","embeddable":true,"href":"https:\/\/guitar2amp.de\/index.php\/wp-json\/wp\/v2\/product_brand?post=7175"},{"taxonomy":"product_cat","embeddable":true,"href":"https:\/\/guitar2amp.de\/index.php\/wp-json\/wp\/v2\/product_cat?post=7175"},{"taxonomy":"product_tag","embeddable":true,"href":"https:\/\/guitar2amp.de\/index.php\/wp-json\/wp\/v2\/product_tag?post=7175"}],"curies":[{"name":"wp","href":"https:\/\/api.w.org\/{rel}","templated":true}]}}