{"id":7201,"date":"2023-09-20T07:58:13","date_gmt":"2023-09-20T05:58:13","guid":{"rendered":"https:\/\/guitar2amp.de\/?post_type=product&#038;p=7201"},"modified":"2023-09-20T07:59:55","modified_gmt":"2023-09-20T05:59:55","slug":"gitarrenstaender-aus-holz-art-design","status":"publish","type":"product","link":"https:\/\/guitar2amp.de\/index.php\/de\/product\/gitarrenstaender-aus-holz-art-design\/","title":{"rendered":"Gitarrenst\u00e4nder aus Holz Art Design"},"content":{"rendered":"<p>Gitarrenst\u00e4nder aus Holz. Aus 80 mm dickem Sperrholz. Sehr solide Konstruktion. Mit dem Instrument in Ber\u00fchrung kommende Elemente sind mit einem speziellen Material \u00fcberzogen, das nicht mit Lacken reagiert. Der Standardstandard ist ein St\u00e4nder f\u00fcr 5 Gitarren, auf Wunsch k\u00f6nnen wir einen St\u00e4nder f\u00fcr beliebig viele Instrumente anfertigen. Sie k\u00f6nnen zwischen den Oberfl\u00e4chen EICHE, SCHWARZ und NATUR w\u00e4hlen. Gegen Aufpreis k\u00f6nnen Sie eine andere Farbe w\u00e4hlen. Es besteht die M\u00f6glichkeit, eine Beschriftung oder ein Logo einzugravieren. Jedes Stativ wird auf Bestellung gefertigt.<\/p>\n","protected":false},"excerpt":{"rendered":"<p>Gitarrenst\u00e4nder aus Holz. Aus 80 mm dickem Sperrholz. Sehr solide Konstruktion. Mit dem Instrument in Ber\u00fchrung kommende Elemente sind mit einem speziellen Material \u00fcberzogen, das nicht mit Lacken reagiert. Der Standardstandard ist ein St\u00e4nder f\u00fcr 5 Gitarren, auf Wunsch k\u00f6nnen wir einen St\u00e4nder f\u00fcr beliebig viele Instrumente anfertigen. Sie k\u00f6nnen zwischen den Oberfl\u00e4chen EICHE, SCHWARZ&#8230;<\/p>\n","protected":false},"featured_media":7202,"template":"","meta":{"_monsterinsights_skip_tracking":false,"_monsterinsights_sitenote_active":false,"_monsterinsights_sitenote_note":"","_monsterinsights_sitenote_category":0,"_uf_show_specific_survey":0,"_uf_disable_surveys":false,"_kadence_starter_templates_imported_post":false,"_kad_post_transparent":"default","_kad_post_title":"","_kad_post_layout":"default","_kad_post_sidebar_id":"","_kad_post_content_style":"default","_kad_post_vertical_padding":"default","_kad_post_feature":"","_kad_post_feature_position":"","_kad_post_header":false,"_kad_post_footer":false,"_kad_post_classname":""},"product_brand":[],"product_cat":[229,225],"product_tag":[],"class_list":{"0":"post-7201","1":"product","2":"type-product","3":"status-publish","4":"has-post-thumbnail","6":"product_cat-verschiedene","7":"product_cat-zubehoer","8":"product_shipping_class-medium","10":"first","11":"instock","12":"shipping-taxable","13":"purchasable","14":"product-type-simple","15":"entry","16":"content-bg","17":"loop-entry"},"jetpack_sharing_enabled":true,"_links":{"self":[{"href":"https:\/\/guitar2amp.de\/index.php\/wp-json\/wp\/v2\/product\/7201","targetHints":{"allow":["GET"]}}],"collection":[{"href":"https:\/\/guitar2amp.de\/index.php\/wp-json\/wp\/v2\/product"}],"about":[{"href":"https:\/\/guitar2amp.de\/index.php\/wp-json\/wp\/v2\/types\/product"}],"wp:featuredmedia":[{"embeddable":true,"href":"https:\/\/guitar2amp.de\/index.php\/wp-json\/wp\/v2\/media\/7202"}],"wp:attachment":[{"href":"https:\/\/guitar2amp.de\/index.php\/wp-json\/wp\/v2\/media?parent=7201"}],"wp:term":[{"taxonomy":"product_brand","embeddable":true,"href":"https:\/\/guitar2amp.de\/index.php\/wp-json\/wp\/v2\/product_brand?post=7201"},{"taxonomy":"product_cat","embeddable":true,"href":"https:\/\/guitar2amp.de\/index.php\/wp-json\/wp\/v2\/product_cat?post=7201"},{"taxonomy":"product_tag","embeddable":true,"href":"https:\/\/guitar2amp.de\/index.php\/wp-json\/wp\/v2\/product_tag?post=7201"}],"curies":[{"name":"wp","href":"https:\/\/api.w.org\/{rel}","templated":true}]}}