{"id":7277,"date":"2023-09-29T14:42:29","date_gmt":"2023-09-29T12:42:29","guid":{"rendered":"https:\/\/guitar2amp.de\/?post_type=product&#038;p=7277"},"modified":"2024-03-23T19:49:35","modified_gmt":"2024-03-23T18:49:35","slug":"svisound-gefuzz-art-edition","status":"publish","type":"product","link":"https:\/\/guitar2amp.de\/index.php\/de\/product\/svisound-gefuzz-art-edition\/","title":{"rendered":"SviSound GeFuzz Art Edition"},"content":{"rendered":"","protected":false},"excerpt":{"rendered":"<h2><span style=\"color: #ff0000;\"><strong>OUT OF STOCK<\/strong><\/span><\/h2>\n<p>Boutique Fuzz von einem bulgarischen Unternehmen zu verkaufen. Gro\u00dfartig klingender reiner Germanium-Fuzz basierend auf alten russischen Transistoren. Sie k\u00f6nnen H\u00f6rproben online anh\u00f6ren. Ein sehr universeller Fuzz in einer sch\u00f6nen Art Edition-Version<\/p>\n","protected":false},"featured_media":7269,"template":"","meta":{"_monsterinsights_skip_tracking":false,"_monsterinsights_sitenote_active":false,"_monsterinsights_sitenote_note":"","_monsterinsights_sitenote_category":0,"_uf_show_specific_survey":0,"_uf_disable_surveys":false,"_kadence_starter_templates_imported_post":false,"_kad_post_transparent":"default","_kad_post_title":"","_kad_post_layout":"default","_kad_post_sidebar_id":"","_kad_post_content_style":"default","_kad_post_vertical_padding":"default","_kad_post_feature":"","_kad_post_feature_position":"","_kad_post_header":false,"_kad_post_footer":false,"_kad_post_classname":""},"product_brand":[],"product_cat":[227,225],"product_tag":[],"class_list":{"0":"post-7277","1":"product","2":"type-product","3":"status-publish","4":"has-post-thumbnail","6":"product_cat-effekte","7":"product_cat-zubehoer","9":"first","10":"outofstock","11":"shipping-taxable","12":"product-type-simple","13":"entry","14":"content-bg","15":"loop-entry"},"jetpack_sharing_enabled":true,"_links":{"self":[{"href":"https:\/\/guitar2amp.de\/index.php\/wp-json\/wp\/v2\/product\/7277","targetHints":{"allow":["GET"]}}],"collection":[{"href":"https:\/\/guitar2amp.de\/index.php\/wp-json\/wp\/v2\/product"}],"about":[{"href":"https:\/\/guitar2amp.de\/index.php\/wp-json\/wp\/v2\/types\/product"}],"wp:featuredmedia":[{"embeddable":true,"href":"https:\/\/guitar2amp.de\/index.php\/wp-json\/wp\/v2\/media\/7269"}],"wp:attachment":[{"href":"https:\/\/guitar2amp.de\/index.php\/wp-json\/wp\/v2\/media?parent=7277"}],"wp:term":[{"taxonomy":"product_brand","embeddable":true,"href":"https:\/\/guitar2amp.de\/index.php\/wp-json\/wp\/v2\/product_brand?post=7277"},{"taxonomy":"product_cat","embeddable":true,"href":"https:\/\/guitar2amp.de\/index.php\/wp-json\/wp\/v2\/product_cat?post=7277"},{"taxonomy":"product_tag","embeddable":true,"href":"https:\/\/guitar2amp.de\/index.php\/wp-json\/wp\/v2\/product_tag?post=7277"}],"curies":[{"name":"wp","href":"https:\/\/api.w.org\/{rel}","templated":true}]}}