{"id":7338,"date":"2023-10-31T15:26:09","date_gmt":"2023-10-31T14:26:09","guid":{"rendered":"https:\/\/guitar2amp.de\/?post_type=product&#038;p=7338"},"modified":"2025-11-24T08:46:25","modified_gmt":"2025-11-24T07:46:25","slug":"d-tone-amps-overdrive-specialist-1x12-celestion-g12-65-cabinet-dumble-style-cab-2","status":"publish","type":"product","link":"https:\/\/guitar2amp.de\/index.php\/de\/product\/d-tone-amps-overdrive-specialist-1x12-celestion-g12-65-cabinet-dumble-style-cab-2\/","title":{"rendered":"D-TONE AMPS OVERDRIVE SPECIALIST 1&#215;12&#8243; Celestion G12-65 cabinet"},"content":{"rendered":"<p>Das Geh\u00e4use wurde f\u00fcr die \u00dcbertragung des gesamten Klangspektrums der Verst\u00e4rker im Dumble*-Stil entwickelt, da Standardgeh\u00e4use dieser Herausforderung nicht gewachsen sind! Wir haben es der von Robben Ford verwendeten Ausr\u00fcstung nachempfunden. Die Wartezeit f\u00fcr ein 1\u00d712\u2033 Celestion G12-65-Geh\u00e4use betr\u00e4gt etwa 4 Wochen. Beim Kauf von Verst\u00e4rker + Box sparen Sie 250 Euro!<\/p>\n<p>Detaillierte Spezifikationen und Demos finden Sie auf der offiziellen Website des Herstellers: www.d-toneamps.com\/1\u00d712-cabinet.html<\/p>\n<p>*Alle Produktnamen und Marken sind Eigentum ihrer jeweiligen Inhaber. Alle verwendeten Firmen-, Produkt- und Dienstleistungsnamen dienen ausschlie\u00dflich Identifikationszwecken.<\/p>\n<div style=\"overflow: hidden; resize: none; max-width: 100%;\">\n<div id=\"embed-google-map\" style=\"height: 100%; width: 100%; max-width: 100%;\">\n<p><iframe loading=\"lazy\" src=\"https:\/\/www.youtube.com\/embed\/M9CIoSWvXl8?ecver=1&amp;iv_load_policy=1&amp;yt:stretch=16:9&amp;autohide=1&amp;color=red&amp;width=560&amp;width=560\" width=\"560\" height=\"315\" frameborder=\"0\" allowfullscreen=\"allowfullscreen\"><\/iframe><\/p>\n<\/div>\n<\/div>\n","protected":false},"excerpt":{"rendered":"<p>Guitar2Amp \u2013 wir sind der offizielle Vertreter und Distributor von D-TONE AMPS-Verst\u00e4rkern. Das zum Verkauf stehende Produkt ist neu und verf\u00fcgt \u00fcber eine einj\u00e4hrige Garantie. Der Verst\u00e4rker verf\u00fcgt \u00fcber das \u201eCE\u201c-Zeichen, was bedeutet, dass er die strengen EU-Normen hinsichtlich der Sicherheit bei der Verwendung des Ger\u00e4ts erf\u00fcllt.<br \/>\nAufgrund des \u201eCustom\u201c-Produkts akzeptieren wir keine R\u00fccksendungen. Bei Interesse zum Testen kann der Verst\u00e4rker gerne bei uns im Stammhaus \u201ebespielt\u201c werden!<\/p>\n","protected":false},"featured_media":7339,"template":"","meta":{"_monsterinsights_skip_tracking":false,"_monsterinsights_sitenote_active":false,"_monsterinsights_sitenote_note":"","_monsterinsights_sitenote_category":0,"_uf_show_specific_survey":0,"_uf_disable_surveys":false,"_kadence_starter_templates_imported_post":false,"_kad_post_transparent":"default","_kad_post_title":"","_kad_post_layout":"default","_kad_post_sidebar_id":"","_kad_post_content_style":"default","_kad_post_vertical_padding":"default","_kad_post_feature":"","_kad_post_feature_position":"","_kad_post_header":false,"_kad_post_footer":false,"_kad_post_classname":""},"product_brand":[],"product_cat":[221,219],"product_tag":[],"class_list":{"0":"post-7338","1":"product","2":"type-product","3":"status-publish","4":"has-post-thumbnail","6":"product_cat-e-gitarren-verstaerke","7":"product_cat-verstaerke","9":"first","10":"onbackorder","11":"shipping-taxable","12":"purchasable","13":"product-type-simple","14":"entry","15":"content-bg","16":"loop-entry"},"jetpack_sharing_enabled":true,"_links":{"self":[{"href":"https:\/\/guitar2amp.de\/index.php\/wp-json\/wp\/v2\/product\/7338","targetHints":{"allow":["GET"]}}],"collection":[{"href":"https:\/\/guitar2amp.de\/index.php\/wp-json\/wp\/v2\/product"}],"about":[{"href":"https:\/\/guitar2amp.de\/index.php\/wp-json\/wp\/v2\/types\/product"}],"wp:featuredmedia":[{"embeddable":true,"href":"https:\/\/guitar2amp.de\/index.php\/wp-json\/wp\/v2\/media\/7339"}],"wp:attachment":[{"href":"https:\/\/guitar2amp.de\/index.php\/wp-json\/wp\/v2\/media?parent=7338"}],"wp:term":[{"taxonomy":"product_brand","embeddable":true,"href":"https:\/\/guitar2amp.de\/index.php\/wp-json\/wp\/v2\/product_brand?post=7338"},{"taxonomy":"product_cat","embeddable":true,"href":"https:\/\/guitar2amp.de\/index.php\/wp-json\/wp\/v2\/product_cat?post=7338"},{"taxonomy":"product_tag","embeddable":true,"href":"https:\/\/guitar2amp.de\/index.php\/wp-json\/wp\/v2\/product_tag?post=7338"}],"curies":[{"name":"wp","href":"https:\/\/api.w.org\/{rel}","templated":true}]}}