{"id":7354,"date":"2023-10-31T15:33:30","date_gmt":"2023-10-31T14:33:30","guid":{"rendered":"https:\/\/guitar2amp.de\/?post_type=product&#038;p=7354"},"modified":"2025-09-30T22:17:48","modified_gmt":"2025-09-30T20:17:48","slug":"d-tone-amps-overdrive-specialist-50w-head-1x12-celestion-g12-65-cabinet-dumble-ods-special-style","status":"publish","type":"product","link":"https:\/\/guitar2amp.de\/index.php\/de\/product\/d-tone-amps-overdrive-specialist-50w-head-1x12-celestion-g12-65-cabinet-dumble-ods-special-style\/","title":{"rendered":"D-TONE AMPS OVERDRIVE SPECIALIST 50W head + 1&#215;12&#8243; Celestion G12-65 cabinet"},"content":{"rendered":"<p>Set aus Topteil und Geh\u00e4use \u2013 eine perfekte Kombination, um den Charakter des legend\u00e4ren Klangs der Dumble*-Verst\u00e4rker voll zur Geltung zu bringen. Das Geh\u00e4use wurde entwickelt, um den vollen Klangbereich der Dumble-Verst\u00e4rker zu \u00fcbertragen, da Standardgeh\u00e4use dieser Herausforderung nicht gewachsen sind! Wir haben es der von Robben Ford verwendeten Ausr\u00fcstung nachempfunden.<\/p>\n<p>Detaillierte Spezifikationen und Demos finden Sie auf der offiziellen Website des Herstellers: <a href=\"http:\/\/www.d-toneamps.com\/overdrive-specialist-set.html\"><span style=\"color: #ff0000;\">www.d-toneamps.com\/overdrive-specialist-set.html<\/span><\/a><\/p>\n<p>Der Verst\u00e4rker ist in zwei Versionen erh\u00e4ltlich: 120 V und 230 V. Geben Sie beim Kauf an, welche Version wir versenden sollen.<br \/>\nDie Wartezeit f\u00fcr das Set betr\u00e4gt ca. 4 Wochen.<br \/>\nBeim Kauf von Verst\u00e4rker + Box sparen Sie 250\u00a0Euro!<\/p>\n<p>*Alle Produktnamen und Marken sind Eigentum ihrer jeweiligen Inhaber. Alle verwendeten Firmen-, Produkt- und Dienstleistungsnamen dienen ausschlie\u00dflich Identifikationszwecken.<\/p>\n<p>&#8211; Layout basierend auf dem legend\u00e4ren Dumble Overdrive Special Nr. #102 (handverdrahtet: Punkt-zu-Punkt\/Turmplatine),<br \/>\n&#8211; kundenspezifische D-Style-Transformatoren<br \/>\n&#8211; NORMAL- und FET-Eing\u00e4nge<br \/>\n&#8211; zwei unabh\u00e4ngige Kan\u00e4le: CLEAN und OVERDRIVE jeweils mit BOOTS<br \/>\n&#8211; Korrektur: EQ, PRESENCE, BRIGHT, MID, JAZZ\/ROCK, extra BRIGHT auf OVERDRIVE-Kanal (Push-Pull-Schalter)<br \/>\n&#8211; Verlustfreie aktive FX-Effektschleife<br \/>\n&#8211; 2x6L6 Tung-Sol mit halber Leistungsreduzierung: Pentode\/Triode<br \/>\n&#8211; 3xECC83\/12AX7 TAD ausgew\u00e4hlte R\u00f6hren<br \/>\n&#8211; Mallory-Senf-Capaticars<br \/>\n&#8211; Metallschichtwiderst\u00e4nde von Vishay Dale<br \/>\n&#8211; Markenkomponenten: Switchcraft-Eing\u00e4nge, APEM-Schalter, Alpha-Potentiometer<br \/>\n&#8211; Ausgangsimpedanz: 4 \/ 8 \/ 16 Ohm<br \/>\n&#8211; Stromversorgung: 230V~50Hz oder 120V~60Hz<br \/>\n&#8211; Fu\u00dfschalter: Kanalauswahl und BOOST ein\/aus<br \/>\n&#8211; hochwertiges Tolex- und Grilltuch, Chromecken, Ledergriff<br \/>\n&#8211; Abmessungen: 53 x 26 x 26 cm (H x B x T)<br \/>\n&#8211; Gewicht: 16 kg (50W)<br \/>\n&#8211; 1 Jahr Garantie (nur f\u00fcr versteckte M\u00e4ngel)<\/p>\n<p>&nbsp;<\/p>\n<div style=\"overflow: hidden; resize: none; max-width: 100%;\">\n<div id=\"embed-google-map\" style=\"height: 100%; width: 100%; max-width: 100%;\"><iframe loading=\"lazy\" src=\"https:\/\/www.youtube.com\/embed\/M9CIoSWvXl8?ecver=1&amp;iv_load_policy=1&amp;yt:stretch=16:9&amp;autohide=1&amp;color=red&amp;width=560&amp;width=560\" width=\"560\" height=\"315\" frameborder=\"0\" allowfullscreen=\"allowfullscreen\"><\/iframe><\/div>\n<\/div>\n<div style=\"overflow: hidden; resize: none; max-width: 100%;\">\n<div id=\"embed-google-map\" style=\"height: 100%; width: 100%; max-width: 100%;\"><iframe loading=\"lazy\" src=\"https:\/\/www.youtube.com\/embed\/lcuACQKyZBo?ecver=1&amp;iv_load_policy=1&amp;yt:stretch=16:9&amp;autohide=1&amp;color=red&amp;width=560&amp;width=560\" width=\"560\" height=\"315\" frameborder=\"0\" allowfullscreen=\"allowfullscreen\"><\/iframe><\/div>\n<\/div>\n<div style=\"overflow: hidden; resize: none; max-width: 100%;\">\n<div id=\"embed-google-map\" style=\"height: 100%; width: 100%; max-width: 100%;\"><iframe loading=\"lazy\" src=\"https:\/\/www.youtube.com\/embed\/eKUeq34C9m0?ecver=1&amp;iv_load_policy=1&amp;yt:stretch=16:9&amp;autohide=1&amp;color=red&amp;width=560&amp;width=560\" width=\"560\" height=\"315\" frameborder=\"0\" allowfullscreen=\"allowfullscreen\"><\/iframe><\/div>\n<\/div>\n<div style=\"overflow: hidden; resize: none; max-width: 100%;\">\n<div id=\"embed-google-map\" style=\"height: 100%; width: 100%; max-width: 100%;\"><iframe loading=\"lazy\" src=\"https:\/\/www.youtube.com\/embed\/dRzHWZtv21Q?ecver=1&amp;iv_load_policy=1&amp;yt:stretch=16:9&amp;autohide=1&amp;color=red&amp;width=560&amp;width=560\" width=\"560\" height=\"315\" frameborder=\"0\" allowfullscreen=\"allowfullscreen\"><\/iframe><\/div>\n<\/div>\n<div style=\"overflow: hidden; resize: none; max-width: 100%;\">\n<div id=\"embed-google-map\" style=\"height: 100%; width: 100%; max-width: 100%;\"><iframe loading=\"lazy\" src=\"https:\/\/www.youtube.com\/embed\/vmuWr8haHZE?ecver=1&amp;iv_load_policy=1&amp;yt:stretch=16:9&amp;autohide=1&amp;color=red&amp;width=560&amp;width=560\" width=\"560\" height=\"315\" frameborder=\"0\" allowfullscreen=\"allowfullscreen\"><\/iframe><\/div>\n<\/div>\n<div style=\"overflow: hidden; resize: none; max-width: 100%;\">\n<div id=\"embed-google-map\" style=\"height: 100%; width: 100%; max-width: 100%;\"><iframe loading=\"lazy\" src=\"https:\/\/www.youtube.com\/embed\/rl4G26S-yGE?ecver=1&amp;iv_load_policy=1&amp;yt:stretch=16:9&amp;autohide=1&amp;color=red&amp;width=560&amp;width=560\" width=\"560\" height=\"315\" frameborder=\"0\" allowfullscreen=\"allowfullscreen\"><\/iframe><\/div>\n<\/div>\n","protected":false},"excerpt":{"rendered":"<p>Guitar2Amp \u2013 wir sind der offizielle Vertreter und Distributor von D-TONE AMPS-Verst\u00e4rkern. Das zum Verkauf stehende Produkt ist neu und verf\u00fcgt \u00fcber eine einj\u00e4hrige Garantie. Der Verst\u00e4rker verf\u00fcgt \u00fcber das \u201eCE\u201c-Zeichen, was bedeutet, dass er die strengen EU-Normen hinsichtlich der Sicherheit bei der Verwendung des Ger\u00e4ts erf\u00fcllt.<br \/>\nAufgrund des \u201eCustom\u201c-Produkts akzeptieren wir keine R\u00fccksendungen. Bei Interesse zum Testen kann der Verst\u00e4rker gerne bei uns im Stammhaus \u201ebespielt\u201c werden!<\/p>\n","protected":false},"featured_media":7358,"template":"","meta":{"_monsterinsights_skip_tracking":false,"_monsterinsights_sitenote_active":false,"_monsterinsights_sitenote_note":"","_monsterinsights_sitenote_category":0,"_uf_show_specific_survey":0,"_uf_disable_surveys":false,"_kadence_starter_templates_imported_post":false,"_kad_post_transparent":"default","_kad_post_title":"","_kad_post_layout":"default","_kad_post_sidebar_id":"","_kad_post_content_style":"default","_kad_post_vertical_padding":"default","_kad_post_feature":"","_kad_post_feature_position":"","_kad_post_header":false,"_kad_post_footer":false,"_kad_post_classname":""},"product_brand":[],"product_cat":[221,219],"product_tag":[],"class_list":{"0":"post-7354","1":"product","2":"type-product","3":"status-publish","4":"has-post-thumbnail","6":"product_cat-e-gitarren-verstaerke","7":"product_cat-verstaerke","8":"product_shipping_class-expensive","10":"first","11":"onbackorder","12":"shipping-taxable","13":"purchasable","14":"product-type-simple","15":"entry","16":"content-bg","17":"loop-entry"},"jetpack_sharing_enabled":true,"_links":{"self":[{"href":"https:\/\/guitar2amp.de\/index.php\/wp-json\/wp\/v2\/product\/7354","targetHints":{"allow":["GET"]}}],"collection":[{"href":"https:\/\/guitar2amp.de\/index.php\/wp-json\/wp\/v2\/product"}],"about":[{"href":"https:\/\/guitar2amp.de\/index.php\/wp-json\/wp\/v2\/types\/product"}],"wp:featuredmedia":[{"embeddable":true,"href":"https:\/\/guitar2amp.de\/index.php\/wp-json\/wp\/v2\/media\/7358"}],"wp:attachment":[{"href":"https:\/\/guitar2amp.de\/index.php\/wp-json\/wp\/v2\/media?parent=7354"}],"wp:term":[{"taxonomy":"product_brand","embeddable":true,"href":"https:\/\/guitar2amp.de\/index.php\/wp-json\/wp\/v2\/product_brand?post=7354"},{"taxonomy":"product_cat","embeddable":true,"href":"https:\/\/guitar2amp.de\/index.php\/wp-json\/wp\/v2\/product_cat?post=7354"},{"taxonomy":"product_tag","embeddable":true,"href":"https:\/\/guitar2amp.de\/index.php\/wp-json\/wp\/v2\/product_tag?post=7354"}],"curies":[{"name":"wp","href":"https:\/\/api.w.org\/{rel}","templated":true}]}}