{"id":7623,"date":"2024-01-04T16:16:17","date_gmt":"2024-01-04T15:16:17","guid":{"rendered":"https:\/\/guitar2amp.de\/?post_type=product&#038;p=7623"},"modified":"2026-04-21T16:34:10","modified_gmt":"2026-04-21T14:34:10","slug":"suhr-custom-standard-roasted-2","status":"publish","type":"product","link":"https:\/\/guitar2amp.de\/index.php\/de\/product\/suhr-custom-standard-roasted-2\/","title":{"rendered":"Suhr Custom Standard Roasted"},"content":{"rendered":"<p><strong>Suhr Custom Standard<\/strong> ist ein au\u00dfergew\u00f6hnliches Instrument, das f\u00fcr Gitarristen entwickelt wurde, die erstklassige Spielbarkeit und vielseitigen Klang suchen. Dieses ma\u00dfgeschneiderte Modell ist aus hochwertigsten Materialien gefertigt und bietet einzigartige Merkmale, die es von anderen Gitarren abheben.<\/p>\n<h4>Spezifikationen:<\/h4>\n<ul>\n<li><strong>Korpus:<\/strong> Ger\u00f6stete Sumpfesche, 2-teilig. Dieses Holz ist leicht und \u00e4u\u00dferst resonant, was einen ausgewogenen Klang mit klaren H\u00f6hen und satten Tiefen bietet.<\/li>\n<li><strong>Korpus-Finish:<\/strong> Natur mit Hochglanzlackierung, die die Sch\u00f6nheit der Sumpfeschen-Holzmaserung hervorhebt.<\/li>\n<li><strong>Hals:<\/strong> Ger\u00f6steter Quatersawn Ahorn, der die Stabilit\u00e4t und Widerstandsf\u00e4higkeit gegen Klimaver\u00e4nderungen erh\u00f6ht. Das Halsprofil ist <strong>60&#8217;s C Vintage Standard<\/strong> mit einer Dicke von 0,810&#8243; bis 0,930&#8243;, was eine komfortable Spielbarkeit gew\u00e4hrleistet.<\/li>\n<li><strong>Griffbrett:<\/strong> einteilig, mit einem Custom-Radius von 9&#8243;-12&#8243;, der eine einfache Spielbarkeit sowohl bei Akkorden als auch bei Soli erm\u00f6glicht.<\/li>\n<li><strong>B\u00fcnde:<\/strong> 22 mittelgro\u00dfe Edelstahlb\u00fcnde, die Langlebigkeit und Pr\u00e4zision bieten.<\/li>\n<li><strong>Br\u00fccke:<\/strong> Wilkinson 3 Saddle Chopped T, Chrom \u2014 eine klassische Br\u00fccke, die f\u00fcr Stimmstabilit\u00e4t und Spielkomfort sorgt.<\/li>\n<li><strong>Tonabnehmer:<\/strong>\n<ul>\n<li><strong>Hals:<\/strong> Suhr SSV, Humbucker in Schwarz, liefert warme und volle T\u00f6ne.<\/li>\n<li><strong>Steg:<\/strong> Suhr Thornbucker Plus, Humbucker in Schwarz, bietet einen kraftvollen und dynamischen Klang, ideal f\u00fcr eine Vielzahl von Musikstilen.<\/li>\n<\/ul>\n<\/li>\n<li><strong>Elektronik:<\/strong> Ein einzelner Lautst\u00e4rkeregler, der die Tonkontrolle vereinfacht und schnelle sowie intuitive Klanganpassungen w\u00e4hrend des Spiels erm\u00f6glicht.<\/li>\n<li><strong>Zus\u00e4tzliche Merkmale:<\/strong> Gotoh Kluson Chrom-Stimmmechaniken sorgen f\u00fcr Stimmstabilit\u00e4t, und schwarze Metallkn\u00f6pfe verleihen eine elegante und moderne Optik.<\/li>\n<\/ul>\n<p><strong>Suhr Custom Standard<\/strong> beeindruckt durch ihre \u00c4sthetik und ihren vielseitigen Klang. Ihre einzigartige Konstruktion und hochwertige Verarbeitung machen sie zur idealen Wahl f\u00fcr Gitarristen, die ein Instrument mit herausragendem Aussehen und Klang suchen.<\/p>\n","protected":false},"excerpt":{"rendered":"<div class=\"flex max-w-full flex-col flex-grow\">\n<div class=\"min-h-[20px] text-message flex w-full flex-col items-end gap-2 break-words [.text-message+&amp;]:mt-5 overflow-x-auto whitespace-normal\" dir=\"auto\" data-message-author-role=\"assistant\" data-message-id=\"3ab9f6aa-991a-449e-bf2c-0ab2ab04f61e\">\n<div class=\"flex w-full flex-col gap-1 empty:hidden first:pt-[3px]\">\n<div class=\"markdown prose w-full break-words dark:prose-invert dark\">\n<p>Die Suhr Custom Standard ist eine Custom Made Gitarre mit einzigartiger Bauweise. Sie verf\u00fcgt \u00fcber einen Korpus aus ger\u00f6steter Sumpfesche, einen einteiligen ger\u00f6steten Ahorn-Hals und Suhr SSV- und Thornbucker Plus-Humbucker. Leicht, resonant und ideal f\u00fcr verschiedene Musikstile.<\/p>\n<\/div>\n<\/div>\n<\/div>\n<\/div>\n","protected":false},"featured_media":12510,"template":"","meta":{"_monsterinsights_skip_tracking":false,"_monsterinsights_sitenote_active":false,"_monsterinsights_sitenote_note":"","_monsterinsights_sitenote_category":0,"_uf_show_specific_survey":0,"_uf_disable_surveys":false,"_kadence_starter_templates_imported_post":false,"_kad_post_transparent":"default","_kad_post_title":"","_kad_post_layout":"default","_kad_post_sidebar_id":"","_kad_post_content_style":"default","_kad_post_vertical_padding":"default","_kad_post_feature":"","_kad_post_feature_position":"","_kad_post_header":false,"_kad_post_footer":false,"_kad_post_classname":""},"product_brand":[],"product_cat":[207,203],"product_tag":[],"class_list":{"0":"post-7623","1":"product","2":"type-product","3":"status-publish","4":"has-post-thumbnail","6":"product_cat-e-gitarren","7":"product_cat-gitarren","9":"first","10":"outofstock","11":"shipping-taxable","12":"purchasable","13":"product-type-simple","14":"entry","15":"content-bg","16":"loop-entry"},"jetpack_sharing_enabled":true,"_links":{"self":[{"href":"https:\/\/guitar2amp.de\/index.php\/wp-json\/wp\/v2\/product\/7623","targetHints":{"allow":["GET"]}}],"collection":[{"href":"https:\/\/guitar2amp.de\/index.php\/wp-json\/wp\/v2\/product"}],"about":[{"href":"https:\/\/guitar2amp.de\/index.php\/wp-json\/wp\/v2\/types\/product"}],"wp:featuredmedia":[{"embeddable":true,"href":"https:\/\/guitar2amp.de\/index.php\/wp-json\/wp\/v2\/media\/12510"}],"wp:attachment":[{"href":"https:\/\/guitar2amp.de\/index.php\/wp-json\/wp\/v2\/media?parent=7623"}],"wp:term":[{"taxonomy":"product_brand","embeddable":true,"href":"https:\/\/guitar2amp.de\/index.php\/wp-json\/wp\/v2\/product_brand?post=7623"},{"taxonomy":"product_cat","embeddable":true,"href":"https:\/\/guitar2amp.de\/index.php\/wp-json\/wp\/v2\/product_cat?post=7623"},{"taxonomy":"product_tag","embeddable":true,"href":"https:\/\/guitar2amp.de\/index.php\/wp-json\/wp\/v2\/product_tag?post=7623"}],"curies":[{"name":"wp","href":"https:\/\/api.w.org\/{rel}","templated":true}]}}