{"id":7672,"date":"2024-01-04T17:33:21","date_gmt":"2024-01-04T16:33:21","guid":{"rendered":"https:\/\/guitar2amp.de\/?post_type=product&#038;p=7672"},"modified":"2025-07-01T07:23:11","modified_gmt":"2025-07-01T05:23:11","slug":"don-grosh-retro-classic-4","status":"publish","type":"product","link":"https:\/\/guitar2amp.de\/index.php\/de\/product\/don-grosh-retro-classic-4\/","title":{"rendered":"Don Grosh Retro Classic"},"content":{"rendered":"<p>Don Grosh Classic Retro-Gitarren sind f\u00fcr ihr vintage-inspiriertes Design und moderne Spielbarkeit hoch angesehen. Don Grosh, ein respektierter Gitarrenbauer, gr\u00fcndete Grosh Guitars, um hochwertige, ma\u00dfgeschneiderte E-Gitarren herzustellen, die traditionelle Handwerkskunst mit innovativen Merkmalen verbinden. Hier sind einige wichtige Details zu den Don Grosh Classic Retro-Gitarren:<\/p>\n<p><strong>Design und Konstruktion<\/strong><\/p>\n<ol>\n<li><strong>Korpus<\/strong>: Die Classic Retro-Modelle verf\u00fcgen typischerweise \u00fcber einen leichten Korpus aus Erle oder Sumpfesche, der einen resonanten und ausgewogenen Klang bietet.<\/li>\n<li><strong>Hals<\/strong>: Die H\u00e4lse bestehen normalerweise aus Ahorn, mit einer Auswahl an Griffbrettern aus Rosenholz oder Ahorn. Die Halsprofile variieren und richten sich nach den Vorlieben der Spieler, zielen jedoch oft auf ein komfortables, vintage-inspiriertes Gef\u00fchl ab.<\/li>\n<li><strong>Finish<\/strong>: Die Gitarren sind in einer Vielzahl von Lackierungen erh\u00e4ltlich, einschlie\u00dflich Nitrozellulose-Lack, der ihnen ein klassisches Aussehen und Gef\u00fchl verleiht und gleichzeitig dem Holz erm\u00f6glicht, zu atmen und zu resonieren.<\/li>\n<\/ol>\n<p><strong>Elektronik<\/strong><\/p>\n<ol>\n<li><strong>Tonabnehmer<\/strong>: Don Grosh-Gitarren sind bekannt f\u00fcr ihre ma\u00dfgewickelten Tonabnehmer, die entwickelt wurden, um einen Vintage-Sound mit moderner Klarheit und Artikulation zu liefern. Es gibt Optionen f\u00fcr Single-Coils, Humbucker und P90s, je nach spezifischem Modell.<\/li>\n<li><strong>Kontrollen<\/strong>: Typischerweise haben die Classic Retro-Modelle ein einfaches Kontrolllayout mit Lautst\u00e4rke, Ton und einem 3- oder 5-Wege-Tonabnehmerschalter, \u00e4hnlich wie bei Vintage-Fender-Gitarren.<\/li>\n<\/ol>\n<p><strong>Hardware<\/strong><\/p>\n<ol>\n<li><strong>Steg<\/strong>: Die Steg-Optionen umfassen Vintage-Tremolos oder feste Stege, abh\u00e4ngig vom Modell und den Vorlieben des Spielers.<\/li>\n<li><strong>Mechaniken<\/strong>: Hochwertige Mechaniken, oft Locking-Tuners, werden verwendet, um Stabilit\u00e4t und pr\u00e4zise Stimmung zu gew\u00e4hrleisten.<\/li>\n<\/ol>\n","protected":false},"excerpt":{"rendered":"<p>Don Grosh Classic Retro-Gitarren sind f\u00fcr ihr vintage-inspiriertes Design und moderne Spielbarkeit hoch angesehen. Don Grosh, ein respektierter Gitarrenbauer, gr\u00fcndete Grosh Guitars, um hochwertige, ma\u00dfgeschneiderte E-Gitarren herzustellen, die traditionelle Handwerkskunst mit innovativen Merkmalen verbinden. Hier sind einige wichtige Details zu den Don Grosh Classic Retro-Gitarren: Design und Konstruktion Korpus: Die Classic Retro-Modelle verf\u00fcgen typischerweise \u00fcber&#8230;<\/p>\n","protected":false},"featured_media":7673,"template":"","meta":{"_monsterinsights_skip_tracking":false,"_monsterinsights_sitenote_active":false,"_monsterinsights_sitenote_note":"","_monsterinsights_sitenote_category":0,"_uf_show_specific_survey":0,"_uf_disable_surveys":false,"_kadence_starter_templates_imported_post":false,"_kad_post_transparent":"default","_kad_post_title":"","_kad_post_layout":"default","_kad_post_sidebar_id":"","_kad_post_content_style":"default","_kad_post_vertical_padding":"default","_kad_post_feature":"","_kad_post_feature_position":"","_kad_post_header":false,"_kad_post_footer":false,"_kad_post_classname":""},"product_brand":[],"product_cat":[207,203],"product_tag":[],"class_list":{"0":"post-7672","1":"product","2":"type-product","3":"status-publish","4":"has-post-thumbnail","6":"product_cat-e-gitarren","7":"product_cat-gitarren","9":"first","10":"instock","11":"shipping-taxable","12":"purchasable","13":"product-type-simple","14":"entry","15":"content-bg","16":"loop-entry"},"jetpack_sharing_enabled":true,"_links":{"self":[{"href":"https:\/\/guitar2amp.de\/index.php\/wp-json\/wp\/v2\/product\/7672","targetHints":{"allow":["GET"]}}],"collection":[{"href":"https:\/\/guitar2amp.de\/index.php\/wp-json\/wp\/v2\/product"}],"about":[{"href":"https:\/\/guitar2amp.de\/index.php\/wp-json\/wp\/v2\/types\/product"}],"wp:featuredmedia":[{"embeddable":true,"href":"https:\/\/guitar2amp.de\/index.php\/wp-json\/wp\/v2\/media\/7673"}],"wp:attachment":[{"href":"https:\/\/guitar2amp.de\/index.php\/wp-json\/wp\/v2\/media?parent=7672"}],"wp:term":[{"taxonomy":"product_brand","embeddable":true,"href":"https:\/\/guitar2amp.de\/index.php\/wp-json\/wp\/v2\/product_brand?post=7672"},{"taxonomy":"product_cat","embeddable":true,"href":"https:\/\/guitar2amp.de\/index.php\/wp-json\/wp\/v2\/product_cat?post=7672"},{"taxonomy":"product_tag","embeddable":true,"href":"https:\/\/guitar2amp.de\/index.php\/wp-json\/wp\/v2\/product_tag?post=7672"}],"curies":[{"name":"wp","href":"https:\/\/api.w.org\/{rel}","templated":true}]}}