{"id":7717,"date":"2024-01-15T22:40:17","date_gmt":"2024-01-15T21:40:17","guid":{"rendered":"https:\/\/guitar2amp.de\/?post_type=product&#038;p=7717"},"modified":"2025-07-31T15:16:38","modified_gmt":"2025-07-31T13:16:38","slug":"suhr-custom-modern-2","status":"publish","type":"product","link":"https:\/\/guitar2amp.de\/index.php\/de\/product\/suhr-custom-modern-2\/","title":{"rendered":"Suhr Custom Modern"},"content":{"rendered":"<p><strong>Suhr Custom Modern \u2013 Die Perfekte Mischung aus Modern und Klassisch<\/strong><\/p>\n<p>Die <strong>Suhr Custom Modern<\/strong> ist ein au\u00dfergew\u00f6hnliches, nicht standardisiertes Modell, das f\u00fcr Gitarristen entwickelt wurde, die auf hochwertige Verarbeitung, Vielseitigkeit und modernen Sound Wert legen. Dies ist ein individuelles, nicht serienm\u00e4\u00dfiges Modell, das auf Sonderbestellung mit gr\u00f6\u00dfter Sorgfalt gefertigt wurde. Trotz einiger leichter Gebrauchsspuren, einschlie\u00dflich kleiner Kratzer auf der R\u00fcckseite des Korpus durch den Gurt, befindet sich die Gitarre in ausgezeichnetem Zustand und bietet ihr volles Leistungsspektrum.<\/p>\n<h3>Technische Spezifikationen:<\/h3>\n<ul>\n<li><strong>Korpus<\/strong>: Hergestellt aus <strong>Mahagoni<\/strong>, das einen warmen und vollen Klang bietet. Die Decke ist aus geflammtem Ahorn, sch\u00f6n hervorgehoben durch das <strong>2-Tone Tobacco Burst<\/strong> Finish. Der Korpus verf\u00fcgt \u00fcber ergonomische Arm- und Bauchkonturen f\u00fcr erh\u00f6hten Spielkomfort.<\/li>\n<li><strong>Hals<\/strong>: Gefertigt aus <strong>Pau Ferro<\/strong>, bietet er hervorragende Stabilit\u00e4t, Geschmeidigkeit und einzigartige klangliche Eigenschaften. Der Hals hat ein <strong>Modern Elliptical<\/strong> Profil mit einer Dicke von 0,800&#8243; am ersten Bund bis 0,850&#8243; am zw\u00f6lften Bund, was Komfort sowohl f\u00fcr rhythmisches Spiel als auch f\u00fcr schnelle Soli gew\u00e4hrleistet.<\/li>\n<li><strong>Griffbrett<\/strong>: Ebenfalls aus <strong>Pau Ferro<\/strong>, was zus\u00e4tzliche W\u00e4rme zum Ton hinzuf\u00fcgt. Das Griffbrett hat einen Compound-Radius von 10&#8243;\u201314&#8243; mit Standard Roll Finish, das eine komfortable Spielbarkeit \u00fcber den gesamten Hals erm\u00f6glicht. Ausgestattet mit mittel-jumbo Edelstahlb\u00fcnden (Typ 6105), die f\u00fcr ihre Haltbarkeit und Pr\u00e4zision bekannt sind.<\/li>\n<li><strong>Br\u00fccke<\/strong>: Gotoh 510 (2-Post, Solid Saddles, Steel Block, Chrome, Recessed) \u2013 eine hochwertige Br\u00fccke, die f\u00fcr sanfte Tremolo-Action und ausgezeichnete Stimmstabilit\u00e4t sorgt.<\/li>\n<li><strong>Tonabnehmer<\/strong>: HSH-Konfiguration mit Suhr Aldrich-Tonabnehmern (Hals und Steg) und einem ML Standard (Mitte), alle in Schwarz. Diese Konfiguration bietet eine breite Palette an Klangfarben, von warmen und klaren T\u00f6nen bis zu aggressiven Kl\u00e4ngen, die perfekt f\u00fcr Rock und Metal geeignet sind.<\/li>\n<li><strong>Elektronik<\/strong>: 5-Wege-Bladeschalter, der verschiedene Tonabnehmerkombinationen erm\u00f6glicht. Die Volume- und Tone-Regler bieten pr\u00e4zise Klangregelung, um die Vorlieben des Gitarristen zu erf\u00fcllen.<\/li>\n<li><strong>Hardware<\/strong>: Gotoh Kluson Mechaniken in Chrom, die hervorragende Stimmstabilit\u00e4t und ein klassisches Aussehen bieten.<\/li>\n<li><strong>Zus\u00e4tzliche Informationen<\/strong>: Die Gitarre wird mit einem schwarzen Hartschalenkoffer f\u00fcr sicheren Transport geliefert. Sie ist mit Saiten der St\u00e4rke .010-.046 bespannt und auf Standard-E-Stimmung eingestellt.<\/li>\n<\/ul>\n<p>Die <strong>Suhr Custom Modern<\/strong> ist ein individuelles Modell, das f\u00fcr Gitarristen entwickelt wurde, die h\u00f6chste Qualit\u00e4t in Klang und Verarbeitung verlangen. Ihr modernes Design und die klassischen T\u00f6ne machen sie zur idealen Wahl f\u00fcr Studioaufnahmen und Live-Auftritte.<\/p>\n","protected":false},"excerpt":{"rendered":"<p><strong>Suhr Custom Modern<\/strong> \u2013 Eine ma\u00dfgefertigte, einzigartige Gitarre, die modernes Design mit klassischem Klang kombiniert. Hergestellt mit einem Mahagoni-Korpus, einer geflammten Ahorn-Decke und einem Hals und Griffbrett aus Pau Ferro. Ausgestattet mit Suhr Aldrich- und ML Standard-Tonabnehmern f\u00fcr vielseitige Klangfarben. In ausgezeichnetem Zustand mit minimalen Gebrauchsspuren, darunter leichte Gurtkratzer auf der R\u00fcckseite. Wird mit einem schwarzen Hartschalenkoffer geliefert.<\/p>\n","protected":false},"featured_media":7718,"template":"","meta":{"_monsterinsights_skip_tracking":false,"_monsterinsights_sitenote_active":false,"_monsterinsights_sitenote_note":"","_monsterinsights_sitenote_category":0,"_uf_show_specific_survey":0,"_uf_disable_surveys":false,"_kadence_starter_templates_imported_post":false,"_kad_post_transparent":"default","_kad_post_title":"","_kad_post_layout":"default","_kad_post_sidebar_id":"","_kad_post_content_style":"default","_kad_post_vertical_padding":"default","_kad_post_feature":"","_kad_post_feature_position":"","_kad_post_header":false,"_kad_post_footer":false,"_kad_post_classname":""},"product_brand":[],"product_cat":[207,203],"product_tag":[],"class_list":{"0":"post-7717","1":"product","2":"type-product","3":"status-publish","4":"has-post-thumbnail","6":"product_cat-e-gitarren","7":"product_cat-gitarren","8":"product_shipping_class-medium","10":"first","11":"outofstock","12":"shipping-taxable","13":"product-type-simple","14":"entry","15":"content-bg","16":"loop-entry"},"jetpack_sharing_enabled":true,"_links":{"self":[{"href":"https:\/\/guitar2amp.de\/index.php\/wp-json\/wp\/v2\/product\/7717","targetHints":{"allow":["GET"]}}],"collection":[{"href":"https:\/\/guitar2amp.de\/index.php\/wp-json\/wp\/v2\/product"}],"about":[{"href":"https:\/\/guitar2amp.de\/index.php\/wp-json\/wp\/v2\/types\/product"}],"wp:featuredmedia":[{"embeddable":true,"href":"https:\/\/guitar2amp.de\/index.php\/wp-json\/wp\/v2\/media\/7718"}],"wp:attachment":[{"href":"https:\/\/guitar2amp.de\/index.php\/wp-json\/wp\/v2\/media?parent=7717"}],"wp:term":[{"taxonomy":"product_brand","embeddable":true,"href":"https:\/\/guitar2amp.de\/index.php\/wp-json\/wp\/v2\/product_brand?post=7717"},{"taxonomy":"product_cat","embeddable":true,"href":"https:\/\/guitar2amp.de\/index.php\/wp-json\/wp\/v2\/product_cat?post=7717"},{"taxonomy":"product_tag","embeddable":true,"href":"https:\/\/guitar2amp.de\/index.php\/wp-json\/wp\/v2\/product_tag?post=7717"}],"curies":[{"name":"wp","href":"https:\/\/api.w.org\/{rel}","templated":true}]}}