{"id":8015,"date":"2024-03-02T23:07:41","date_gmt":"2024-03-02T22:07:41","guid":{"rendered":"https:\/\/guitar2amp.de\/?post_type=product&#038;p=8015"},"modified":"2025-07-31T16:02:04","modified_gmt":"2025-07-31T14:02:04","slug":"suhr-custom-modern-3","status":"publish","type":"product","link":"https:\/\/guitar2amp.de\/index.php\/pl\/product\/suhr-custom-modern-3\/","title":{"rendered":"Suhr Custom Modern"},"content":{"rendered":"<article class=\"w-full text-token-text-primary focus-visible:outline-2 focus-visible:outline-offset-[-4px]\" dir=\"auto\" data-testid=\"conversation-turn-349\" data-scroll-anchor=\"false\">\n<div class=\"text-base py-[18px] px-3 md:px-4 m-auto w-full md:px-5 lg:px-1 xl:px-5\">\n<div class=\"mx-auto flex flex-1 gap-4 text-base md:gap-5 lg:gap-6 md:max-w-3xl lg:max-w-[40rem] xl:max-w-[48rem]\">\n<div class=\"group\/conversation-turn relative flex w-full min-w-0 flex-col agent-turn\">\n<div class=\"flex-col gap-1 md:gap-3\">\n<div class=\"flex max-w-full flex-col flex-grow\">\n<div class=\"min-h-[20px] text-message flex w-full flex-col items-end gap-2 break-words [.text-message+&amp;]:mt-5 overflow-x-auto whitespace-normal\" dir=\"auto\" data-message-author-role=\"assistant\" data-message-id=\"7464d749-a9b4-42cc-ba0f-54eff03450da\">\n<div class=\"flex w-full flex-col gap-1 empty:hidden first:pt-[3px]\">\n<div class=\"markdown prose w-full break-words dark:prose-invert dark\">\n<p><strong>Suhr Custom Modern \u2013 Doskona\u0142e Po\u0142\u0105czenie Nowoczesno\u015bci i Klasyki<\/strong><\/p>\n<p>Gitara <strong>Suhr Custom Modern<\/strong> to wyj\u0105tkowy instrument, zaprojektowany z my\u015bl\u0105 o gitarzystach, kt\u00f3rzy ceni\u0105 sobie wysok\u0105 jako\u015b\u0107 wykonania, wszechstronno\u015b\u0107 i nowoczesne brzmienie. Model ten, pomimo kilku delikatnych \u015blad\u00f3w u\u017cytkowania, w tym niewielkich rys na tylnej cz\u0119\u015bci korpusu od paska, nadal prezentuje si\u0119 znakomicie i oferuje pe\u0142ni\u0119 swoich mo\u017cliwo\u015bci.<\/p>\n<h3>Specyfikacje techniczne:<\/h3>\n<ul>\n<li><strong>Korpus<\/strong>: Wykonany z <strong>mahoniu<\/strong>, co zapewnia ciep\u0142e i pe\u0142ne brzmienie. Top gitary to klon wzorzysty (quilt maple), kt\u00f3ry podkre\u015blony jest wyko\u0144czeniem <strong>2-Tone Tobacco Burst<\/strong>. Instrument posiada ergonomiczne wyci\u0119cia pod r\u0119k\u0119 oraz brzuch, kt\u00f3re zwi\u0119kszaj\u0105 komfort gry.<\/li>\n<li><strong>Szyjka<\/strong>: Szyjka wykonana z <strong>klonu<\/strong> (maple), co zapewnia doskona\u0142\u0105 stabilno\u015b\u0107 oraz jasne, wyra\u017ane brzmienie. Profil szyjki to <strong>Modern Elliptical<\/strong> o grubo\u015bci od 0.800&#8243; przy pierwszym progu do 0.850&#8243; przy dwunastym progu, co zapewnia komfort gry zar\u00f3wno dla rytmicznych akord\u00f3w, jak i szybkich sol\u00f3wek.<\/li>\n<li><strong>Podstrunnica<\/strong>: Wykonana z <strong>Pao Ferro<\/strong> \u2013 drewna znanego z g\u0142adko\u015bci i komfortu gry. Podstrunnica ma promie\u0144 10&#8243;\u201314&#8243; z wyko\u0144czeniem Standard Roll, co umo\u017cliwia wygodne granie na ca\u0142ej d\u0142ugo\u015bci gryfu. Progi to \u015brednie-jumbo (typ 6105) ze stali nierdzewnej, zapewniaj\u0105ce trwa\u0142o\u015b\u0107 i precyzj\u0119.<\/li>\n<li><strong>Mostek<\/strong>: Gotoh 510 (2-Post, Solid Saddles, Steel Block, Chrome, Recessed) \u2013 mostek o wysokiej jako\u015bci, zapewniaj\u0105cy p\u0142ynne dzia\u0142anie tremolo i doskona\u0142\u0105 stabilno\u015b\u0107 stroju.<\/li>\n<li><strong>Przetworniki<\/strong>: Konfiguracja HSH z przetwornikami Suhr Aldrich (Neck i Bridge) oraz ML Standard (Middle), wszystkie w kolorze czarnym. Zapewniaj\u0105 szeroki zakres tonalny, od ciep\u0142ych i klarownych ton\u00f3w po agresywne brzmienia idealne do rocka i metalu.<\/li>\n<li><strong>Elektronika<\/strong>: 5-pozycyjny prze\u0142\u0105cznik blade umo\u017cliwiaj\u0105cy r\u00f3\u017cnorodne kombinacje przetwornik\u00f3w. Uk\u0142ad Volume, Tone pozwala na precyzyjne dostrojenie brzmienia do preferencji gitarzysty.<\/li>\n<li><strong>Osprz\u0119t<\/strong>: Gotoh Kluson w wyko\u0144czeniu chromowanym, kt\u00f3ry oferuje doskona\u0142\u0105 stabilno\u015b\u0107 stroju i klasyczny wygl\u0105d.<\/li>\n<li><strong>Dodatkowe informacje<\/strong>: Gitara jest wyposa\u017cona w czarny, twardy futera\u0142, kt\u00f3ry zapewnia bezpieczny transport instrumentu. Struny o grubo\u015bci 0.010-0.046, standardowo nastrojone do E.<\/li>\n<\/ul>\n<p><strong>Suhr Custom Modern<\/strong> to gitara stworzona dla gitarzyst\u00f3w, kt\u00f3rzy oczekuj\u0105 najlepszej jako\u015bci brzmienia i wykonania. Jej nowoczesny design i klasyczne brzmienie czyni\u0105 j\u0105 idealnym wyborem zar\u00f3wno do nagra\u0144 studyjnych, jak i wyst\u0119p\u00f3w na \u017cywo.<\/p>\n<\/div>\n<\/div>\n<\/div>\n<\/div>\n<div class=\"mt-1 flex gap-3 empty:hidden -ml-2\">\n<div class=\"items-center justify-start rounded-xl p-1 z-10 -mt-1 bg-token-main-surface-primary md:absolute md:border md:border-token-border-light md:sr-only\">\n<div class=\"flex items-center\"><button class=\"rounded-lg text-token-text-secondary hover:bg-token-main-surface-secondary\" aria-label=\"Read Aloud\"><\/button><button class=\"rounded-lg text-token-text-secondary hover:bg-token-main-surface-secondary\" aria-label=\"Kopiuj\"><\/button><\/p>\n<div class=\"flex\"><\/div>\n<div class=\"flex items-center pb-0\">\n<div class=\"[&amp;_svg]:h-full [&amp;_svg]:w-full icon-md h-4 w-4\"><\/div>\n<p><span class=\"overflow-hidden text-clip whitespace-nowrap text-sm\">4o<\/span><\/div>\n<\/div>\n<\/div>\n<\/div>\n<div class=\"pr-2 lg:pr-0\"><\/div>\n<\/div>\n<\/div>\n<\/div>\n<\/div>\n<\/article>\n<article class=\"w-full text-token-text-primary focus-visible:outline-2 focus-visible:outline-offset-[-4px]\" dir=\"auto\" data-testid=\"conversation-turn-350\" data-scroll-anchor=\"false\">\n<h5 class=\"sr-only\">Powiedzia\u0142e\u015b(-a\u015b):<\/h5>\n<div class=\"text-base py-[18px] px-3 md:px-4 m-auto w-full md:px-5 lg:px-1 xl:px-5\">\n<div class=\"mx-auto flex flex-1 gap-4 text-base md:gap-5 lg:gap-6 md:max-w-3xl lg:max-w-[40rem] xl:max-w-[48rem]\">\n<div class=\"group\/conversation-turn relative flex w-full min-w-0 flex-col\">\n<div class=\"flex-col gap-1 md:gap-3\">\n<div class=\"flex max-w-full flex-col flex-grow\">\n<div class=\"min-h-[20px] text-message flex w-full flex-col items-end gap-2 break-words [.text-message+&amp;]:mt-5 overflow-x-auto whitespace-normal\" dir=\"auto\" data-message-author-role=\"user\" data-message-id=\"aaa2a6f5-4b37-4be7-8b51-ab3d9386aed6\">\n<div class=\"flex w-full flex-col gap-1 empty:hidden items-end rtl:items-start\">\n<div class=\"relative max-w-[70%] rounded-3xl bg-[#f4f4f4] px-5 py-2.5 dark:bg-token-main-surface-secondary\">\n<div class=\"whitespace-pre-wrap\">szyjka tak jak na specyfiokacji Pau Ferro<\/div>\n<div class=\"absolute bottom-0 right-full top-0 -mr-3.5 hidden pr-5 pt-1 [.group\\\/conversation-turn:hover_&amp;]:block\"><\/div>\n<\/div>\n<\/div>\n<\/div>\n<\/div>\n<\/div>\n<\/div>\n<\/div>\n<\/div>\n<\/article>\n<article class=\"w-full text-token-text-primary focus-visible:outline-2 focus-visible:outline-offset-[-4px]\" dir=\"auto\" data-testid=\"conversation-turn-351\" data-scroll-anchor=\"false\">\n<h6 class=\"sr-only\">ChatGPT powiedzia\u0142:<\/h6>\n<div class=\"text-base py-[18px] px-3 md:px-4 m-auto w-full md:px-5 lg:px-1 xl:px-5\">\n<div class=\"mx-auto flex flex-1 gap-4 text-base md:gap-5 lg:gap-6 md:max-w-3xl lg:max-w-[40rem] xl:max-w-[48rem]\">\n<div class=\"flex-shrink-0 flex flex-col relative items-end\">\n<div>\n<div class=\"pt-0\">\n<div class=\"gizmo-bot-avatar flex h-8 w-8 items-center justify-center overflow-hidden rounded-full\">\n<div class=\"relative p-1 rounded-sm flex items-center justify-center bg-token-main-surface-primary text-token-text-primary h-8 w-8\">ChatGPT<\/div>\n<\/div>\n<\/div>\n<\/div>\n<\/div>\n<div class=\"group\/conversation-turn relative flex w-full min-w-0 flex-col agent-turn\">\n<div class=\"flex-col gap-1 md:gap-3\">\n<div class=\"flex max-w-full flex-col flex-grow\">\n<div class=\"min-h-[20px] text-message flex w-full flex-col items-end gap-2 break-words [.text-message+&amp;]:mt-5 overflow-x-auto whitespace-normal\" dir=\"auto\" data-message-author-role=\"assistant\" data-message-id=\"3efb35a0-c301-4068-8e22-44102b22bb4b\">\n<div class=\"flex w-full flex-col gap-1 empty:hidden first:pt-[3px]\">\n<div class=\"markdown prose w-full break-words dark:prose-invert dark\">\n<p><strong>Suhr Custom Modern \u2013 Doskona\u0142e Po\u0142\u0105czenie Nowoczesno\u015bci i Klasyki<\/strong><\/p>\n<p>Gitara <strong>Suhr Custom Modern<\/strong> to wyj\u0105tkowy instrument, zaprojektowany z my\u015bl\u0105 o gitarzystach, kt\u00f3rzy ceni\u0105 sobie wysok\u0105 jako\u015b\u0107 wykonania, wszechstronno\u015b\u0107 i nowoczesne brzmienie. Model ten, pomimo kilku delikatnych \u015blad\u00f3w u\u017cytkowania, w tym niewielkich rys na tylnej cz\u0119\u015bci korpusu od paska, nadal prezentuje si\u0119 znakomicie i oferuje pe\u0142ni\u0119 swoich mo\u017cliwo\u015bci.<\/p>\n<h3>Specyfikacje techniczne:<\/h3>\n<ul>\n<li><strong>Korpus<\/strong>: Wykonany z <strong>mahoniu<\/strong>, co zapewnia ciep\u0142e i pe\u0142ne brzmienie. Top gitary to klon wzorzysty (quilt maple), kt\u00f3ry podkre\u015blony jest wyko\u0144czeniem <strong>2-Tone Tobacco Burst<\/strong>. Instrument posiada ergonomiczne wyci\u0119cia pod r\u0119k\u0119 oraz brzuch, kt\u00f3re zwi\u0119kszaj\u0105 komfort gry.<\/li>\n<li><strong>Szyjka<\/strong>: Wykonana z <strong>Pau Ferro<\/strong>, co zapewnia doskona\u0142\u0105 stabilno\u015b\u0107, g\u0142adko\u015b\u0107 oraz wyj\u0105tkowe w\u0142a\u015bciwo\u015bci tonalne. Profil szyjki to <strong>Modern Elliptical<\/strong> o grubo\u015bci od 0.800&#8243; przy pierwszym progu do 0.850&#8243; przy dwunastym progu, co zapewnia komfort gry zar\u00f3wno dla rytmicznych akord\u00f3w, jak i szybkich sol\u00f3wek.<\/li>\n<li><strong>Podstrunnica<\/strong>: R\u00f3wnie\u017c z <strong>Pau Ferro<\/strong>, co daje dodatkowe ciep\u0142o w brzmieniu. Podstrunnica ma promie\u0144 10&#8243;\u201314&#8243; z wyko\u0144czeniem Standard Roll, co umo\u017cliwia wygodne granie na ca\u0142ej d\u0142ugo\u015bci gryfu. Progi to \u015brednie-jumbo (typ 6105) ze stali nierdzewnej, zapewniaj\u0105ce trwa\u0142o\u015b\u0107 i precyzj\u0119.<\/li>\n<li><strong>Mostek<\/strong>: Gotoh 510 (2-Post, Solid Saddles, Steel Block, Chrome, Recessed) \u2013 mostek o wysokiej jako\u015bci, zapewniaj\u0105cy p\u0142ynne dzia\u0142anie tremolo i doskona\u0142\u0105 stabilno\u015b\u0107 stroju.<\/li>\n<li><strong>Przetworniki<\/strong>: Konfiguracja HSH z przetwornikami Suhr Aldrich (Neck i Bridge) oraz ML Standard (Middle), wszystkie w kolorze czarnym. Zapewniaj\u0105 szeroki zakres tonalny, od ciep\u0142ych i klarownych ton\u00f3w po agresywne brzmienia idealne do rocka i metalu.<\/li>\n<li><strong>Elektronika<\/strong>: 5-pozycyjny prze\u0142\u0105cznik blade umo\u017cliwiaj\u0105cy r\u00f3\u017cnorodne kombinacje przetwornik\u00f3w. Uk\u0142ad Volume, Tone pozwala na precyzyjne dostrojenie brzmienia do preferencji gitarzysty.<\/li>\n<li><strong>Osprz\u0119t<\/strong>: Gotoh Kluson w wyko\u0144czeniu chromowanym, kt\u00f3ry oferuje doskona\u0142\u0105 stabilno\u015b\u0107 stroju i klasyczny wygl\u0105d.<\/li>\n<li><strong>Dodatkowe informacje<\/strong>: Gitara jest wyposa\u017cona w czarny, twardy futera\u0142, kt\u00f3ry zapewnia bezpieczny transport instrumentu. Struny o grubo\u015bci 0.010-0.046, standardowo nastrojone do E.<\/li>\n<\/ul>\n<p><strong>Suhr Custom Modern<\/strong> to gitara stworzona dla gitarzyst\u00f3w, kt\u00f3rzy oczekuj\u0105 najlepszej jako\u015bci brzmienia i wykonania. Jej nowoczesny design i klasyczne brzmienie czyni\u0105 j\u0105 idealnym wyborem zar\u00f3wno do nagra\u0144 studyjnych, jak i wyst\u0119p\u00f3w na \u017cywo.<\/p>\n<\/div>\n<\/div>\n<\/div>\n<\/div>\n<\/div>\n<\/div>\n<\/div>\n<\/div>\n<\/article>\n","protected":false},"excerpt":{"rendered":"<p><strong>Suhr Custom Modern<\/strong> \u2013 Niestandardowa, unikatowa gitara \u0142\u0105cz\u0105ca nowoczesny design z klasycznym brzmieniem. Wykonana z mahoniowego korpusu, klonowego topu i szyjki oraz podstrunnicy z Pau Ferro. Wyposa\u017cona w przetworniki Suhr Aldrich i ML Standard dla wszechstronnych brzmie\u0144. W doskona\u0142ym stanie, z minimalnymi \u015bladami u\u017cytkowania, w tym lekkimi zarysowaniami od paska na tylnej cz\u0119\u015bci korpusu. W zestawie czarny, twardy futera\u0142.<\/p>\n","protected":false},"featured_media":8016,"template":"","meta":{"_monsterinsights_skip_tracking":false,"_monsterinsights_sitenote_active":false,"_monsterinsights_sitenote_note":"","_monsterinsights_sitenote_category":0,"_uf_show_specific_survey":0,"_uf_disable_surveys":false,"_kadence_starter_templates_imported_post":false,"_kad_post_transparent":"default","_kad_post_title":"","_kad_post_layout":"default","_kad_post_sidebar_id":"","_kad_post_content_style":"default","_kad_post_vertical_padding":"default","_kad_post_feature":"","_kad_post_feature_position":"","_kad_post_header":false,"_kad_post_footer":false,"_kad_post_classname":""},"product_brand":[],"product_cat":[3265,3261],"product_tag":[],"class_list":{"0":"post-8015","1":"product","2":"type-product","3":"status-publish","4":"has-post-thumbnail","6":"product_cat-elektryczne-pl","7":"product_cat-gitary","8":"product_shipping_class-medium","10":"first","11":"outofstock","12":"shipping-taxable","13":"product-type-simple","14":"entry","15":"content-bg","16":"loop-entry"},"jetpack_sharing_enabled":true,"_links":{"self":[{"href":"https:\/\/guitar2amp.de\/index.php\/wp-json\/wp\/v2\/product\/8015","targetHints":{"allow":["GET"]}}],"collection":[{"href":"https:\/\/guitar2amp.de\/index.php\/wp-json\/wp\/v2\/product"}],"about":[{"href":"https:\/\/guitar2amp.de\/index.php\/wp-json\/wp\/v2\/types\/product"}],"wp:featuredmedia":[{"embeddable":true,"href":"https:\/\/guitar2amp.de\/index.php\/wp-json\/wp\/v2\/media\/8016"}],"wp:attachment":[{"href":"https:\/\/guitar2amp.de\/index.php\/wp-json\/wp\/v2\/media?parent=8015"}],"wp:term":[{"taxonomy":"product_brand","embeddable":true,"href":"https:\/\/guitar2amp.de\/index.php\/wp-json\/wp\/v2\/product_brand?post=8015"},{"taxonomy":"product_cat","embeddable":true,"href":"https:\/\/guitar2amp.de\/index.php\/wp-json\/wp\/v2\/product_cat?post=8015"},{"taxonomy":"product_tag","embeddable":true,"href":"https:\/\/guitar2amp.de\/index.php\/wp-json\/wp\/v2\/product_tag?post=8015"}],"curies":[{"name":"wp","href":"https:\/\/api.w.org\/{rel}","templated":true}]}}