{"id":8164,"date":"2024-03-02T23:50:06","date_gmt":"2024-03-02T22:50:06","guid":{"rendered":"https:\/\/guitar2amp.de\/?post_type=product&#038;p=8164"},"modified":"2024-03-08T14:50:49","modified_gmt":"2024-03-08T13:50:49","slug":"2010-lsl-saticoy-melodee-3","status":"publish","type":"product","link":"https:\/\/guitar2amp.de\/index.php\/pl\/product\/2010-lsl-saticoy-melodee-3\/","title":{"rendered":"2010 LSL Saticoy &#8220;Melodee&#8221;"},"content":{"rendered":"<p>LSL Saticoy &#8220;Melodee&#8221;. Stratocaster z butikowej wtedy jeszcze ma\u0142ej manufaktury. Rok produkcji 2010, czyli pierwszy rok produkcji modelu Saticoy. Body &#8211; sugar pine, szyjka klon, palisander. Profil grube pe\u0142ne soft V przechodz\u0105cy w pe\u0142ne C. Radius 9,5&#8243;. Progi zmienione na stalowe. Pickupy LSL &#8217;50. Mostek wilkinson. Bardzo lekka i d\u017awi\u0119czna. W zestawie case<\/p>\n","protected":false},"excerpt":{"rendered":"<h2><span style=\"color: #ff0000;\"><strong>OUT OF STOCK<\/strong><\/span><\/h2>\n","protected":false},"featured_media":8165,"template":"","meta":{"_monsterinsights_skip_tracking":false,"_monsterinsights_sitenote_active":false,"_monsterinsights_sitenote_note":"","_monsterinsights_sitenote_category":0,"_uf_show_specific_survey":0,"_uf_disable_surveys":false,"_kadence_starter_templates_imported_post":false,"_kad_post_transparent":"default","_kad_post_title":"","_kad_post_layout":"default","_kad_post_sidebar_id":"","_kad_post_content_style":"default","_kad_post_vertical_padding":"default","_kad_post_feature":"","_kad_post_feature_position":"","_kad_post_header":false,"_kad_post_footer":false,"_kad_post_classname":""},"product_brand":[],"product_cat":[3636,3261,4277],"product_tag":[],"class_list":{"0":"post-8164","1":"product","2":"type-product","3":"status-publish","4":"has-post-thumbnail","6":"product_cat-archiwum","7":"product_cat-gitary","8":"product_cat-lsl-instruments-pl","9":"product_shipping_class-medium","11":"first","12":"outofstock","13":"shipping-taxable","14":"product-type-simple","15":"entry","16":"content-bg","17":"loop-entry"},"jetpack_sharing_enabled":true,"_links":{"self":[{"href":"https:\/\/guitar2amp.de\/index.php\/wp-json\/wp\/v2\/product\/8164","targetHints":{"allow":["GET"]}}],"collection":[{"href":"https:\/\/guitar2amp.de\/index.php\/wp-json\/wp\/v2\/product"}],"about":[{"href":"https:\/\/guitar2amp.de\/index.php\/wp-json\/wp\/v2\/types\/product"}],"wp:featuredmedia":[{"embeddable":true,"href":"https:\/\/guitar2amp.de\/index.php\/wp-json\/wp\/v2\/media\/8165"}],"wp:attachment":[{"href":"https:\/\/guitar2amp.de\/index.php\/wp-json\/wp\/v2\/media?parent=8164"}],"wp:term":[{"taxonomy":"product_brand","embeddable":true,"href":"https:\/\/guitar2amp.de\/index.php\/wp-json\/wp\/v2\/product_brand?post=8164"},{"taxonomy":"product_cat","embeddable":true,"href":"https:\/\/guitar2amp.de\/index.php\/wp-json\/wp\/v2\/product_cat?post=8164"},{"taxonomy":"product_tag","embeddable":true,"href":"https:\/\/guitar2amp.de\/index.php\/wp-json\/wp\/v2\/product_tag?post=8164"}],"curies":[{"name":"wp","href":"https:\/\/api.w.org\/{rel}","templated":true}]}}