{"id":8221,"date":"2024-03-02T23:58:22","date_gmt":"2024-03-02T22:58:22","guid":{"rendered":"https:\/\/guitar2amp.de\/?post_type=product&#038;p=8221"},"modified":"2026-01-17T17:11:12","modified_gmt":"2026-01-17T16:11:12","slug":"1960-gibson-es-125-tc-factory-sideways-vibrola-3","status":"publish","type":"product","link":"https:\/\/guitar2amp.de\/index.php\/pl\/product\/1960-gibson-es-125-tc-factory-sideways-vibrola-3\/","title":{"rendered":"1960 Gibson ES 125 TC Factory Sideways Vibrola"},"content":{"rendered":"<p><strong>Gibson ES-123T 1690 Sideways Vibrola \u2013 Klasyczna gitara z wyj\u0105tkowym charakterem<\/strong><\/p>\n<p>Poznaj <strong>Gibson ES-123T 1690 Sideways Vibrola<\/strong>, rzadk\u0105 i wyj\u0105tkow\u0105 gitar\u0119, kt\u00f3ra \u0142\u0105czy w sobie klasyczny wygl\u0105d i unikalne cechy konstrukcyjne, kt\u00f3re definiowa\u0142y er\u0119 gitar Gibsona w latach 60. Ten model dost\u0119pny w wyko\u0144czeniu <strong>Sunburst<\/strong> wyr\u00f3\u017cnia si\u0119 zastosowaniem mechanizmu Sideways Vibrola, kt\u00f3ry by\u0142 dost\u0119pny jako specjalne wyposa\u017cenie na zam\u00f3wienie, dodaj\u0105c g\u0142\u0119bi i ekspresji do gry, umo\u017cliwiaj\u0105c tworzenie subtelnych, p\u0142ywaj\u0105cych wibrato.<\/p>\n<p><strong>Kluczowe cechy Gibson ES-123T 1690 Sideways Vibrola:<\/strong><\/p>\n<ul>\n<li><strong>Korpus:<\/strong> Wykonany z laminowanego klonu, co zapewnia doskona\u0142\u0105 rezonansowo\u015b\u0107 i ciep\u0142e, pe\u0142ne brzmienie. Konstrukcja typu thinline hollowbody zapewnia lekko\u015b\u0107 oraz komfort gry.<\/li>\n<li><strong>Szyjka:<\/strong> Maho\u0144 o profilowaniu typowym dla lat 60., oferuj\u0105cy wygod\u0119 gry i p\u0142ynne przej\u015bcia mi\u0119dzy pozycjami.<\/li>\n<li><strong>Podstrunnica:<\/strong> Palisander z trapezowymi markerami, co dodaje gitarze elegancji i klasycznego wygl\u0105du vintage.<\/li>\n<li><strong>Mechanizm Vibrato:<\/strong> <strong>Sideways Vibrola<\/strong> \u2013 specjalne wyposa\u017cenie dost\u0119pne na zam\u00f3wienie, kt\u00f3re pozwala na uzyskanie subtelnego efektu wibrato, charakterystycznego dla gitar z lat 60.<\/li>\n<li><strong>Przetworniki:<\/strong> Oryginalne humbuckery Gibsona, kt\u00f3re oferuj\u0105 szerok\u0105 palet\u0119 brzmieniow\u0105, od ciep\u0142ych, mi\u0119kkich ton\u00f3w do mocnych, wyrazistych d\u017awi\u0119k\u00f3w.<\/li>\n<li><strong>Wyko\u0144czenie:<\/strong> <strong>Sunburst<\/strong> \u2013 klasyczne wyko\u0144czenie, kt\u00f3re podkre\u015bla tradycyjny wygl\u0105d gitary i jej vintage&#8217;owy charakter.<\/li>\n<\/ul>\n<p><strong>Dlaczego warto wybra\u0107 Gibson ES-123T 1690 Sideways Vibrola?<\/strong><\/p>\n<p><strong>Gibson ES-123T 1690 Sideways Vibrola<\/strong> to doskona\u0142y wyb\u00f3r dla muzyk\u00f3w, kt\u00f3rzy szukaj\u0105 gitary z niepowtarzalnym brzmieniem i klasycznym stylem. Dzi\u0119ki mechanizmowi Sideways Vibrola, dost\u0119pnym jako specjalne wyposa\u017cenie na zam\u00f3wienie, ten model oferuje wyj\u0105tkowe mo\u017cliwo\u015bci wyrazowe, idealne do grania bluesa, jazzu i rocka. To nie tylko instrument \u2013 to tak\u017ce kawa\u0142ek historii Gibsona, kt\u00f3ry doda charakteru ka\u017cdej kolekcji gitarowej. Niezale\u017cnie od tego, czy grasz na scenie, w studiu, czy w domowym zaciszu, ta gitara dostarczy Ci inspiracji i niezr\u00f3wnanej jako\u015bci d\u017awi\u0119ku.<\/p>\n","protected":false},"excerpt":{"rendered":"<p><strong>Gibson ES-125TC z 1960 roku w wyko\u0144czeniu Cherry Sunburst.<\/strong> T oznacza Thinline, a C \u2013 Cutaway. Gitara jest ca\u0142kowicie oryginalna i posiada niezwykle rzadk\u0105 fabryczn\u0105 wibrol\u0119 typu side pull. Brak p\u0119kni\u0119\u0107, z\u0142ama\u0144 czy napraw. Wyko\u0144czenie Cherry Sunburst nadal jest bardzo intensywne. Korpus gitary ma pi\u0119kn\u0105 rys\u0119 drewna. Szyjka o smuklejszym profilu, na kt\u00f3rej gra si\u0119 jak po ma\u015ble! Akcja strun jest niska, a progi w idealnym stanie. Gitara ma r\u00f3wnie\u017c g\u0142o\u015bne brzmienie akustyczne. Przetwornik P-90 ma silny sygna\u0142 i brzmi fantastycznie \u2013 pe\u0142nie, z werw\u0105 i bardzo responsywnie. Naprawd\u0119 wyj\u0105tkowy instrument. W zestawie twardy futera\u0142 (HSC).<\/p>\n","protected":false},"featured_media":8222,"template":"","meta":{"_monsterinsights_skip_tracking":false,"_monsterinsights_sitenote_active":false,"_monsterinsights_sitenote_note":"","_monsterinsights_sitenote_category":0,"_uf_show_specific_survey":0,"_uf_disable_surveys":false,"_kadence_starter_templates_imported_post":false,"_kad_post_transparent":"default","_kad_post_title":"","_kad_post_layout":"default","_kad_post_sidebar_id":"","_kad_post_content_style":"default","_kad_post_vertical_padding":"default","_kad_post_feature":"","_kad_post_feature_position":"","_kad_post_header":false,"_kad_post_footer":false,"_kad_post_classname":""},"product_brand":[],"product_cat":[3261,3267,3269],"product_tag":[],"class_list":{"0":"post-8221","1":"product","2":"type-product","3":"status-publish","4":"has-post-thumbnail","6":"product_cat-gitary","7":"product_cat-hollow-body-pl","8":"product_cat-vintage-pl","9":"product_shipping_class-expensive","11":"first","12":"outofstock","13":"shipping-taxable","14":"purchasable","15":"product-type-simple","16":"entry","17":"content-bg","18":"loop-entry"},"jetpack_sharing_enabled":true,"_links":{"self":[{"href":"https:\/\/guitar2amp.de\/index.php\/wp-json\/wp\/v2\/product\/8221","targetHints":{"allow":["GET"]}}],"collection":[{"href":"https:\/\/guitar2amp.de\/index.php\/wp-json\/wp\/v2\/product"}],"about":[{"href":"https:\/\/guitar2amp.de\/index.php\/wp-json\/wp\/v2\/types\/product"}],"wp:featuredmedia":[{"embeddable":true,"href":"https:\/\/guitar2amp.de\/index.php\/wp-json\/wp\/v2\/media\/8222"}],"wp:attachment":[{"href":"https:\/\/guitar2amp.de\/index.php\/wp-json\/wp\/v2\/media?parent=8221"}],"wp:term":[{"taxonomy":"product_brand","embeddable":true,"href":"https:\/\/guitar2amp.de\/index.php\/wp-json\/wp\/v2\/product_brand?post=8221"},{"taxonomy":"product_cat","embeddable":true,"href":"https:\/\/guitar2amp.de\/index.php\/wp-json\/wp\/v2\/product_cat?post=8221"},{"taxonomy":"product_tag","embeddable":true,"href":"https:\/\/guitar2amp.de\/index.php\/wp-json\/wp\/v2\/product_tag?post=8221"}],"curies":[{"name":"wp","href":"https:\/\/api.w.org\/{rel}","templated":true}]}}