{"id":8269,"date":"2024-03-03T00:02:12","date_gmt":"2024-03-02T23:02:12","guid":{"rendered":"https:\/\/guitar2amp.de\/?post_type=product&#038;p=8269"},"modified":"2024-05-30T14:46:21","modified_gmt":"2024-05-30T12:46:21","slug":"1980-gibson-les-paul-deluxe-ebony-3","status":"publish","type":"product","link":"https:\/\/guitar2amp.de\/index.php\/pl\/product\/1980-gibson-les-paul-deluxe-ebony-3\/","title":{"rendered":"1980 Gibson Les Paul Deluxe Ebony"},"content":{"rendered":"<p>1980 Gibson Les Paul Deluxe. Kapitalny instrument. Mahoniowe body, klonowa szyjka. Wszystko w oryginale, poza dwiema ga\u0142kami potencjometr\u00f3w. Nosi liczne \u015blady u\u017cytkowania, przetarta szyjka zabezpieczona przez specjalist\u0119. Brak p\u0119kni\u0119\u0107 i z\u0142ama\u0144. Mini humbuckery to wcale nie mini sound! W zestawie Protector Case 1 generacji.<\/p>\n","protected":false},"excerpt":{"rendered":"<p>1980 Gibson Les Paul Deluxe. Kapitalny instrument. Mahoniowe body, klonowa szyjka. Wszystko w oryginale, poza dwiema ga\u0142kami potencjometr\u00f3w. Nosi liczne \u015blady u\u017cytkowania, przetarta szyjka zabezpieczona przez specjalist\u0119. Brak p\u0119kni\u0119\u0107 i z\u0142ama\u0144. Mini humbuckery to wcale nie mini sound! W zestawie Protector Case 1 generacji.<\/p>\n","protected":false},"featured_media":8270,"template":"","meta":{"_monsterinsights_skip_tracking":false,"_monsterinsights_sitenote_active":false,"_monsterinsights_sitenote_note":"","_monsterinsights_sitenote_category":0,"_uf_show_specific_survey":0,"_uf_disable_surveys":false,"_kadence_starter_templates_imported_post":false,"_kad_post_transparent":"default","_kad_post_title":"","_kad_post_layout":"default","_kad_post_sidebar_id":"","_kad_post_content_style":"default","_kad_post_vertical_padding":"default","_kad_post_feature":"","_kad_post_feature_position":"","_kad_post_header":false,"_kad_post_footer":false,"_kad_post_classname":""},"product_brand":[],"product_cat":[3636,3261],"product_tag":[],"class_list":{"0":"post-8269","1":"product","2":"type-product","3":"status-publish","4":"has-post-thumbnail","6":"product_cat-archiwum","7":"product_cat-gitary","8":"product_shipping_class-medium","10":"first","11":"outofstock","12":"shipping-taxable","13":"product-type-simple","14":"entry","15":"content-bg","16":"loop-entry"},"jetpack_sharing_enabled":true,"_links":{"self":[{"href":"https:\/\/guitar2amp.de\/index.php\/wp-json\/wp\/v2\/product\/8269","targetHints":{"allow":["GET"]}}],"collection":[{"href":"https:\/\/guitar2amp.de\/index.php\/wp-json\/wp\/v2\/product"}],"about":[{"href":"https:\/\/guitar2amp.de\/index.php\/wp-json\/wp\/v2\/types\/product"}],"wp:featuredmedia":[{"embeddable":true,"href":"https:\/\/guitar2amp.de\/index.php\/wp-json\/wp\/v2\/media\/8270"}],"wp:attachment":[{"href":"https:\/\/guitar2amp.de\/index.php\/wp-json\/wp\/v2\/media?parent=8269"}],"wp:term":[{"taxonomy":"product_brand","embeddable":true,"href":"https:\/\/guitar2amp.de\/index.php\/wp-json\/wp\/v2\/product_brand?post=8269"},{"taxonomy":"product_cat","embeddable":true,"href":"https:\/\/guitar2amp.de\/index.php\/wp-json\/wp\/v2\/product_cat?post=8269"},{"taxonomy":"product_tag","embeddable":true,"href":"https:\/\/guitar2amp.de\/index.php\/wp-json\/wp\/v2\/product_tag?post=8269"}],"curies":[{"name":"wp","href":"https:\/\/api.w.org\/{rel}","templated":true}]}}