{"id":8306,"date":"2024-03-03T00:06:52","date_gmt":"2024-03-02T23:06:52","guid":{"rendered":"https:\/\/guitar2amp.de\/?post_type=product&#038;p=8306"},"modified":"2024-05-13T12:04:10","modified_gmt":"2024-05-13T10:04:10","slug":"1991-gibson-es-335-cherry-dot-3","status":"publish","type":"product","link":"https:\/\/guitar2amp.de\/index.php\/pl\/product\/1991-gibson-es-335-cherry-dot-3\/","title":{"rendered":"1991 Gibson ES 335 Cherry DOT"},"content":{"rendered":"<p>1991 Gibson ES 335 DOT Cherry. Pi\u0119knie graj\u0105cy ES335 z tzw. ery &#8220;Good Wood&#8221;. Gitara w ca\u0142o\u015bci oryginalna, bez modyfikacji i napraw. Bardzo wygodna szyjka. Na topie delikatny flame. Instrument nosi normalne \u015blady u\u017cywania. Technicznie celuj\u0105co. Br\u0105zowy case z r\u00f3\u017cowym futrem w zestawie.<\/p>\n","protected":false},"excerpt":{"rendered":"<h2><span style=\"color: #993300;\"><strong>OUT <span style=\"color: #ff0000;\">OF<\/span> STOCK<\/strong><\/span><\/h2>\n","protected":false},"featured_media":8307,"template":"","meta":{"_monsterinsights_skip_tracking":false,"_monsterinsights_sitenote_active":false,"_monsterinsights_sitenote_note":"","_monsterinsights_sitenote_category":0,"_uf_show_specific_survey":0,"_uf_disable_surveys":false,"_kadence_starter_templates_imported_post":false,"_kad_post_transparent":"default","_kad_post_title":"","_kad_post_layout":"default","_kad_post_sidebar_id":"","_kad_post_content_style":"default","_kad_post_vertical_padding":"default","_kad_post_feature":"","_kad_post_feature_position":"","_kad_post_header":false,"_kad_post_footer":false,"_kad_post_classname":""},"product_brand":[],"product_cat":[3636,3261],"product_tag":[],"class_list":{"0":"post-8306","1":"product","2":"type-product","3":"status-publish","4":"has-post-thumbnail","6":"product_cat-archiwum","7":"product_cat-gitary","8":"product_shipping_class-expensive","10":"first","11":"outofstock","12":"shipping-taxable","13":"product-type-simple","14":"entry","15":"content-bg","16":"loop-entry"},"jetpack_sharing_enabled":true,"_links":{"self":[{"href":"https:\/\/guitar2amp.de\/index.php\/wp-json\/wp\/v2\/product\/8306","targetHints":{"allow":["GET"]}}],"collection":[{"href":"https:\/\/guitar2amp.de\/index.php\/wp-json\/wp\/v2\/product"}],"about":[{"href":"https:\/\/guitar2amp.de\/index.php\/wp-json\/wp\/v2\/types\/product"}],"wp:featuredmedia":[{"embeddable":true,"href":"https:\/\/guitar2amp.de\/index.php\/wp-json\/wp\/v2\/media\/8307"}],"wp:attachment":[{"href":"https:\/\/guitar2amp.de\/index.php\/wp-json\/wp\/v2\/media?parent=8306"}],"wp:term":[{"taxonomy":"product_brand","embeddable":true,"href":"https:\/\/guitar2amp.de\/index.php\/wp-json\/wp\/v2\/product_brand?post=8306"},{"taxonomy":"product_cat","embeddable":true,"href":"https:\/\/guitar2amp.de\/index.php\/wp-json\/wp\/v2\/product_cat?post=8306"},{"taxonomy":"product_tag","embeddable":true,"href":"https:\/\/guitar2amp.de\/index.php\/wp-json\/wp\/v2\/product_tag?post=8306"}],"curies":[{"name":"wp","href":"https:\/\/api.w.org\/{rel}","templated":true}]}}