{"id":8687,"date":"2024-03-07T09:33:16","date_gmt":"2024-03-07T08:33:16","guid":{"rendered":"https:\/\/guitar2amp.de\/?post_type=product&#038;p=8687"},"modified":"2025-04-28T19:45:59","modified_gmt":"2025-04-28T17:45:59","slug":"paoletti-loft-strat-2","status":"publish","type":"product","link":"https:\/\/guitar2amp.de\/index.php\/de\/product\/paoletti-loft-strat-2\/","title":{"rendered":"2018 Paoletti Loft Strat"},"content":{"rendered":"<p><strong>Paoletti Loft Strat Custom \u2013 Italienische Handwerkskunst auf Bestellung<\/strong><\/p>\n<p>Wir pr\u00e4sentieren die <strong>Paoletti Loft Strat Custom<\/strong> aus dem Jahr 2018 \u2013 ein bemerkenswertes Instrument, das italienisches Handwerk mit modernen Gitarrenbau-Techniken vereint. <strong>Paoletti Guitars<\/strong> ist bekannt f\u00fcr die Herstellung einzigartiger Instrumente mit unverwechselbarem Klang und Stil, die von Musikern weltweit hoch gesch\u00e4tzt werden. Zu den K\u00fcnstlern, die sich f\u00fcr Paoletti-Gitarren entscheiden, geh\u00f6ren unter anderem <strong>Richie Sambora<\/strong> von Bon Jovi, <strong>Keith Richards<\/strong> von The Rolling Stones und <strong>Chris Daughtry<\/strong>. Diese Musikerwahl unterstreicht die au\u00dfergew\u00f6hnliche Qualit\u00e4t und den einzigartigen Klang, die Paoletti-Gitarren auszeichnen und selbst die anspruchsvollsten Spieler \u00fcberzeugen.<\/p>\n<p><strong>\u00dcber die Marke Paoletti:<\/strong><\/p>\n<p><strong>Paoletti Guitars<\/strong> ist eine italienische Marke mit einer langen Tradition, die bis ins 19. Jahrhundert zur\u00fcckreicht. Der Gr\u00fcnder, Cesare Paoletti, begann seine handwerkliche Karriere mit der Herstellung von Kastanienf\u00e4ssern, was sp\u00e4ter die Verwendung dieses Holzes im Gitarrenbau inspirierte. Jede Paoletti-Gitarre wird von Hand gefertigt und zeichnet sich durch einen einzigartigen Stil und einen au\u00dfergew\u00f6hnlichen Klang aus, der aus der Verwendung seltener und einzigartiger Materialien resultiert. <strong>Paoletti Guitars<\/strong> sch\u00f6pft aus einem reichen Erbe und integriert dabei innovative L\u00f6sungen und moderne Techniken, um Instrumente von unvergleichlicher Qualit\u00e4t und Charakter zu schaffen.<\/p>\n<p><strong>Spezifikationen der Paoletti Loft Strat Custom:<\/strong><\/p>\n<ul>\n<li><strong>Korpus:<\/strong> Aus Kastanienholz gefertigt, bietet es einen einzigartigen Klang mit reichem Resonanz und klarem Ton.<\/li>\n<li><strong>Finish:<\/strong> Loft Color PWS01LF mit einer d\u00fcnnen Nitrocellulose-Lackierung, die dem Holz erm\u00f6glicht zu atmen und die Resonanz verbessert.<\/li>\n<li><strong>Hals:<\/strong> Aus einem St\u00fcck ger\u00f6stetem AAAA-Ahorn gefertigt, bietet au\u00dfergew\u00f6hnliche Stabilit\u00e4t und Haltbarkeit sowie eine luxuri\u00f6se Optik dank des sch\u00f6nen Maserungsmusters. Der Hals hat ein regul\u00e4res Paoletti-Profil, das Komfort und hervorragende Kontrolle beim Spielen gew\u00e4hrleistet.<\/li>\n<li><strong>Griffbrett:<\/strong> Ahorn, mit schwarzen Punkt-Einlagen und einem 12&#8243;-Radius, der eine komfortable Spielbarkeit sicherstellt.<\/li>\n<li><strong>B\u00fcnde:<\/strong> Standard-Medium-B\u00fcnde, 22 B\u00fcnde mit einer Mensur von 648 mm (25,5 Zoll).<\/li>\n<li><strong>Hardware:<\/strong> Messing-OEM-Pickguard, Paoletti OEM 6-Schrauben-Br\u00fccke, vernickelte Hardware, Knochensattel, Shotgun-Shell-Kn\u00f6pfe, die der Gitarre ein einzigartiges Aussehen und Charakter verleihen.<\/li>\n<li><strong>Tonabnehmer:<\/strong> Paoletti OEM Single Coil und Zebra Humbucker (S\/H\/H-Konfiguration), dieselbe Konfiguration, die Richie Sambora verwendet, bietet eine breite Klangpalette von klaren und hellen T\u00f6nen bis hin zu kraftvollen, vollen Humbucker-Kl\u00e4ngen.<\/li>\n<li><strong>Elektronik:<\/strong> 5-Wege-Schalter mit Lautst\u00e4rke-, Ton- und Tonreglern (250K-Pots), die eine pr\u00e4zise Anpassung des Klangs an die Bed\u00fcrfnisse des Spielers erm\u00f6glichen.<\/li>\n<li><strong>Gurtverriegelungssystem:<\/strong> Bietet zus\u00e4tzliche Sicherheit beim Spielen im Stehen.<\/li>\n<\/ul>\n<p><strong>Warum die Paoletti Loft Strat Custom w\u00e4hlen?<\/strong><\/p>\n<p>Die <strong>Paoletti Loft Strat Custom<\/strong> ist ein au\u00dfergew\u00f6hnliches Instrument, das mit Leidenschaft und Aufmerksamkeit f\u00fcr jedes Detail ma\u00dfgefertigt wurde. Durch die Verwendung von Kastanienholz, ger\u00f6stetem Ahorn und einzigartigen Tonabnehmern bietet diese Gitarre einen unvergleichlichen Klang und Stil, der sich von anderen abhebt. Ideal f\u00fcr Gitarristen, die ein Instrument mit einem unverwechselbaren Aussehen und Klang suchen, steht die <strong>Paoletti Loft Strat Custom<\/strong> f\u00fcr die h\u00f6chste Qualit\u00e4t italienischer Handwerkskunst. Zus\u00e4tzlich machen das einzigartige Finish und die Details, wie das Messing-Pickguard und die Shotgun-Shell-Kn\u00f6pfe, dieses Instrument nicht nur zu einem musikalischen Werkzeug, sondern auch zu einem Kunstwerk.<\/p>\n","protected":false},"excerpt":{"rendered":"<p>Die <strong>Paoletti Loft Strat Custom<\/strong> ist eine ma\u00dfgefertigte Gitarre aus Kastanienholz und einem St\u00fcck ger\u00f6stetem Ahorn. Sie bietet einen einzigartigen Klang und au\u00dfergew\u00f6hnliche Spielbarkeit dank der Paoletti OEM Single Coil und Zebra Humbucker Tonabnehmer. Die Wahl vieler bekannter Musiker, darunter Richie Sambora und Keith Richards.<\/p>\n","protected":false},"featured_media":8666,"template":"","meta":{"_monsterinsights_skip_tracking":false,"_monsterinsights_sitenote_active":false,"_monsterinsights_sitenote_note":"","_monsterinsights_sitenote_category":0,"_uf_show_specific_survey":0,"_uf_disable_surveys":false,"_kadence_starter_templates_imported_post":false,"_kad_post_transparent":"default","_kad_post_title":"","_kad_post_layout":"default","_kad_post_sidebar_id":"","_kad_post_content_style":"default","_kad_post_vertical_padding":"default","_kad_post_feature":"","_kad_post_feature_position":"","_kad_post_header":false,"_kad_post_footer":false,"_kad_post_classname":""},"product_brand":[],"product_cat":[207,203],"product_tag":[],"class_list":{"0":"post-8687","1":"product","2":"type-product","3":"status-publish","4":"has-post-thumbnail","6":"product_cat-e-gitarren","7":"product_cat-gitarren","9":"first","10":"outofstock","11":"shipping-taxable","12":"purchasable","13":"product-type-simple","14":"entry","15":"content-bg","16":"loop-entry"},"jetpack_sharing_enabled":true,"_links":{"self":[{"href":"https:\/\/guitar2amp.de\/index.php\/wp-json\/wp\/v2\/product\/8687","targetHints":{"allow":["GET"]}}],"collection":[{"href":"https:\/\/guitar2amp.de\/index.php\/wp-json\/wp\/v2\/product"}],"about":[{"href":"https:\/\/guitar2amp.de\/index.php\/wp-json\/wp\/v2\/types\/product"}],"wp:featuredmedia":[{"embeddable":true,"href":"https:\/\/guitar2amp.de\/index.php\/wp-json\/wp\/v2\/media\/8666"}],"wp:attachment":[{"href":"https:\/\/guitar2amp.de\/index.php\/wp-json\/wp\/v2\/media?parent=8687"}],"wp:term":[{"taxonomy":"product_brand","embeddable":true,"href":"https:\/\/guitar2amp.de\/index.php\/wp-json\/wp\/v2\/product_brand?post=8687"},{"taxonomy":"product_cat","embeddable":true,"href":"https:\/\/guitar2amp.de\/index.php\/wp-json\/wp\/v2\/product_cat?post=8687"},{"taxonomy":"product_tag","embeddable":true,"href":"https:\/\/guitar2amp.de\/index.php\/wp-json\/wp\/v2\/product_tag?post=8687"}],"curies":[{"name":"wp","href":"https:\/\/api.w.org\/{rel}","templated":true}]}}