{"id":8688,"date":"2024-03-07T09:33:42","date_gmt":"2024-03-07T08:33:42","guid":{"rendered":"https:\/\/guitar2amp.de\/?post_type=product&#038;p=8688"},"modified":"2025-04-28T19:47:10","modified_gmt":"2025-04-28T17:47:10","slug":"paoletti-loft-strat-3","status":"publish","type":"product","link":"https:\/\/guitar2amp.de\/index.php\/pl\/product\/paoletti-loft-strat-3\/","title":{"rendered":"2018 Paoletti Loft Strat"},"content":{"rendered":"<p><strong>Paoletti Loft Strat Custom \u2013 W\u0142oskie Rzemios\u0142o na Zam\u00f3wienie<\/strong><\/p>\n<p>Przedstawiamy <strong>Paoletti Loft Strat Custom<\/strong> z 2018 roku \u2013 wyj\u0105tkowy instrument, kt\u00f3ry \u0142\u0105czy w\u0142oskie rzemios\u0142o z nowoczesnym podej\u015bciem do budowy gitar. <strong>Paoletti Guitars<\/strong> to marka znana z tworzenia unikalnych instrument\u00f3w o charakterystycznym brzmieniu i stylu, kt\u00f3re s\u0105 cenione przez muzyk\u00f3w na ca\u0142ym \u015bwiecie. Gitary Paoletti wybieraj\u0105 m.in. <strong>Richie Sambora<\/strong> z Bon Jovi, <strong>Keith Richards<\/strong> z The Rolling Stones oraz <strong>Chris Daughtry<\/strong>. To \u015bwiadectwo ich wyj\u0105tkowej jako\u015bci i brzmienia, kt\u00f3re potrafi przyci\u0105gn\u0105\u0107 najbardziej wymagaj\u0105cych muzyk\u00f3w.<\/p>\n<p><strong>Historia marki Paoletti:<\/strong><\/p>\n<p><strong>Paoletti Guitars<\/strong> to w\u0142oska marka z d\u0142ugoletni\u0105 tradycj\u0105, kt\u00f3rej pocz\u0105tki si\u0119gaj\u0105 XIX wieku. Za\u0142o\u017cyciel, Cesare Paoletti, rozpocz\u0105\u0142 swoj\u0105 przygod\u0119 z rzemios\u0142em od produkcji beczek z kasztanowca, co p\u00f3\u017aniej sta\u0142o si\u0119 inspiracj\u0105 dla wykorzystania tego drewna w produkcji gitar. Ka\u017cda gitara Paoletti jest r\u0119cznie robiona i wyr\u00f3\u017cnia si\u0119 niepowtarzalnym stylem oraz wyj\u0105tkowym brzmieniem, wynikaj\u0105cym z zastosowania rzadkich i unikalnych materia\u0142\u00f3w. <strong>Paoletti Guitars<\/strong> czerpie z wieloletniej tradycji, jednocze\u015bnie wprowadzaj\u0105c innowacyjne rozwi\u0105zania i wsp\u00f3\u0142czesne techniki, aby stworzy\u0107 instrumenty o wyj\u0105tkowej jako\u015bci i charakterze.<\/p>\n<p><strong>Specyfikacja Paoletti Loft Strat Custom:<\/strong><\/p>\n<ul>\n<li><strong>Korpus:<\/strong> Wykonany z drewna kasztanowca, co zapewnia unikalne brzmienie z bogatym rezonansem i wyrazistym tonem.<\/li>\n<li><strong>Wyko\u0144czenie:<\/strong> Loft Color PWS01LF z cienk\u0105 nitrocelulozow\u0105 pow\u0142ok\u0105, kt\u00f3ra pozwala drewnu oddycha\u0107 i poprawia rezonans.<\/li>\n<li><strong>Gryf:<\/strong> Wykonany z jednego kawa\u0142ka pieczonego klonu klasy AAAA, co zapewnia wyj\u0105tkow\u0105 stabilno\u015b\u0107 i trwa\u0142o\u015b\u0107 oraz nadaje gitarze luksusowy wygl\u0105d dzi\u0119ki pi\u0119knemu wzorowi s\u0142oj\u00f3w. Gryf ma regularny profil Paoletti, kt\u00f3ry zapewnia komfort i doskona\u0142\u0105 kontrol\u0119 podczas gry.<\/li>\n<li><strong>Podstrunnica:<\/strong> Klonowa, z czarnymi kropkami jako markerami prog\u00f3w i promieniem 12&#8243;, co zapewnia wygod\u0119 gry.<\/li>\n<li><strong>Progi:<\/strong> Standardowe \u015brednie, 22 progi o skali 648 mm (25,5 cala).<\/li>\n<li><strong>Osprz\u0119t:<\/strong> Mosi\u0119\u017cny pickguard OEM, mostek Paoletti OEM z 6 \u015brubami, niklowany osprz\u0119t, ko\u015bciowe siode\u0142ko, ga\u0142ki w stylu \u0142usek naboj\u00f3w (Shotgun shell knobs), co dodaje gitarze unikalnego wygl\u0105du i charakteru.<\/li>\n<li><strong>Przetworniki:<\/strong> Paoletti OEM Single Coil i Zebra Humbucker (uk\u0142ad S\/H\/H), te same, kt\u00f3re wykorzystuje Richie Sambora, zapewniaj\u0105 szeroki zakres tonalny od czystych i jasnych d\u017awi\u0119k\u00f3w po mocne i pe\u0142ne brzmienie humbuckera.<\/li>\n<li><strong>Elektronika:<\/strong> Uk\u0142ad 5-pozycyjnego prze\u0142\u0105cznika z potencjometrami volume, tone, i tone (250K pots), co pozwala na precyzyjne dostosowanie brzmienia do potrzeb muzyka.<\/li>\n<li><strong>System blokady paska:<\/strong> System blokowania paska zapewnia dodatkowe bezpiecze\u0144stwo podczas gry na stoj\u0105co.<\/li>\n<\/ul>\n<p><strong>Dlaczego warto wybra\u0107 Paoletti Loft Strat Custom?<\/strong><\/p>\n<p><strong>Paoletti Loft Strat Custom<\/strong> to wyj\u0105tkowy instrument stworzony na zam\u00f3wienie z pasj\u0105 i dba\u0142o\u015bci\u0105 o ka\u017cdy detal. Dzi\u0119ki zastosowaniu drewna kasztanowca, pieczonego klonu oraz unikalnych przetwornik\u00f3w, gitara ta oferuje niepowtarzalne brzmienie i styl, kt\u00f3ry wyr\u00f3\u017cnia si\u0119 na tle innych. Idealna dla gitarzyst\u00f3w, kt\u00f3rzy szukaj\u0105 instrumentu o charakterystycznym wygl\u0105dzie i d\u017awi\u0119ku, <strong>Paoletti Loft Strat Custom<\/strong> jest przyk\u0142adem najwy\u017cszej jako\u015bci w\u0142oskiego rzemios\u0142a. Dodatkowo, wyj\u0105tkowe wyko\u0144czenie i detale, takie jak mosi\u0119\u017cny pickguard i ga\u0142ki w stylu \u0142usek naboj\u00f3w, czyni\u0105 ten instrument nie tylko narz\u0119dziem muzycznym, ale tak\u017ce dzie\u0142em sztuki.<\/p>\n","protected":false},"excerpt":{"rendered":"<p><strong>Paoletti Loft Strat Custom<\/strong> to wyj\u0105tkowa gitara na zam\u00f3wienie, wykonana z kasztanowca i jednocz\u0119\u015bciowego pieczonego klonu. Oferuje unikalne brzmienie i wyj\u0105tkow\u0105 grywalno\u015b\u0107 dzi\u0119ki przetwornikom Paoletti OEM Single Coil i Zebra Humbucker. Wyb\u00f3r wielu znanych muzyk\u00f3w, w tym Richie Sambora i Keith Richards.<\/p>\n","protected":false},"featured_media":8689,"template":"","meta":{"_monsterinsights_skip_tracking":false,"_monsterinsights_sitenote_active":false,"_monsterinsights_sitenote_note":"","_monsterinsights_sitenote_category":0,"_uf_show_specific_survey":0,"_uf_disable_surveys":false,"_kadence_starter_templates_imported_post":false,"_kad_post_transparent":"default","_kad_post_title":"","_kad_post_layout":"default","_kad_post_sidebar_id":"","_kad_post_content_style":"default","_kad_post_vertical_padding":"default","_kad_post_feature":"","_kad_post_feature_position":"","_kad_post_header":false,"_kad_post_footer":false,"_kad_post_classname":""},"product_brand":[],"product_cat":[3265,3261],"product_tag":[],"class_list":{"0":"post-8688","1":"product","2":"type-product","3":"status-publish","4":"has-post-thumbnail","6":"product_cat-elektryczne-pl","7":"product_cat-gitary","9":"first","10":"outofstock","11":"shipping-taxable","12":"purchasable","13":"product-type-simple","14":"entry","15":"content-bg","16":"loop-entry"},"jetpack_sharing_enabled":true,"_links":{"self":[{"href":"https:\/\/guitar2amp.de\/index.php\/wp-json\/wp\/v2\/product\/8688","targetHints":{"allow":["GET"]}}],"collection":[{"href":"https:\/\/guitar2amp.de\/index.php\/wp-json\/wp\/v2\/product"}],"about":[{"href":"https:\/\/guitar2amp.de\/index.php\/wp-json\/wp\/v2\/types\/product"}],"wp:featuredmedia":[{"embeddable":true,"href":"https:\/\/guitar2amp.de\/index.php\/wp-json\/wp\/v2\/media\/8689"}],"wp:attachment":[{"href":"https:\/\/guitar2amp.de\/index.php\/wp-json\/wp\/v2\/media?parent=8688"}],"wp:term":[{"taxonomy":"product_brand","embeddable":true,"href":"https:\/\/guitar2amp.de\/index.php\/wp-json\/wp\/v2\/product_brand?post=8688"},{"taxonomy":"product_cat","embeddable":true,"href":"https:\/\/guitar2amp.de\/index.php\/wp-json\/wp\/v2\/product_cat?post=8688"},{"taxonomy":"product_tag","embeddable":true,"href":"https:\/\/guitar2amp.de\/index.php\/wp-json\/wp\/v2\/product_tag?post=8688"}],"curies":[{"name":"wp","href":"https:\/\/api.w.org\/{rel}","templated":true}]}}