{"id":8996,"date":"2024-04-09T13:47:52","date_gmt":"2024-04-09T11:47:52","guid":{"rendered":"https:\/\/guitar2amp.de\/?post_type=product&#038;p=8996"},"modified":"2025-07-03T14:19:15","modified_gmt":"2025-07-03T12:19:15","slug":"xotic-robotalk-2-evenlope-filter-dual-auto-wah-2","status":"publish","type":"product","link":"https:\/\/guitar2amp.de\/index.php\/pl\/product\/xotic-robotalk-2-evenlope-filter-dual-auto-wah-2\/","title":{"rendered":"Xotic Robotalk 2 Evenlope Filter Dual Auto Wah"},"content":{"rendered":"<div class=\"css-1m8mzwg\" data-cy=\"ad_description\">\n<div class=\"css-1t507yq er34gjf0\">Na sprzeda\u017c Auto Wah od Xotic. Dwa niezale\u017cne efekty Evenlope Filter, ka\u017cdy mo\u017cna indywidualnie kreowa\u0107 i \u0142\u0105czy\u0107. W \u015brodku mini switche daj\u0105ce dodatkowe mo\u017cliwo\u015bci wp\u0142ywania na pasmo ka\u017cdego z wah\u00f3w. Polecam i zapraszam na testy.<\/div>\n<\/div>\n<div class=\"css-cgp8kk\">\n<div class=\"css-ayk4fp\" data-cy=\"ad-footer-bar-section\"><\/div>\n<\/div>\n","protected":false},"excerpt":{"rendered":"<h2><span style=\"color: #ff0000;\"><strong>OUT OF STOCK<\/strong><\/span><\/h2>\n","protected":false},"featured_media":8997,"template":"","meta":{"_monsterinsights_skip_tracking":false,"_monsterinsights_sitenote_active":false,"_monsterinsights_sitenote_note":"","_monsterinsights_sitenote_category":0,"_uf_show_specific_survey":0,"_uf_disable_surveys":false,"_kadence_starter_templates_imported_post":false,"_kad_post_transparent":"default","_kad_post_title":"","_kad_post_layout":"default","_kad_post_sidebar_id":"","_kad_post_content_style":"default","_kad_post_vertical_padding":"default","_kad_post_feature":"","_kad_post_feature_position":"","_kad_post_header":false,"_kad_post_footer":false,"_kad_post_classname":""},"product_brand":[],"product_cat":[3233],"product_tag":[],"class_list":{"0":"post-8996","1":"product","2":"type-product","3":"status-publish","4":"has-post-thumbnail","6":"product_cat-uncategorized-pl","8":"first","9":"outofstock","10":"shipping-taxable","11":"product-type-simple","12":"entry","13":"content-bg","14":"loop-entry"},"jetpack_sharing_enabled":true,"_links":{"self":[{"href":"https:\/\/guitar2amp.de\/index.php\/wp-json\/wp\/v2\/product\/8996","targetHints":{"allow":["GET"]}}],"collection":[{"href":"https:\/\/guitar2amp.de\/index.php\/wp-json\/wp\/v2\/product"}],"about":[{"href":"https:\/\/guitar2amp.de\/index.php\/wp-json\/wp\/v2\/types\/product"}],"wp:featuredmedia":[{"embeddable":true,"href":"https:\/\/guitar2amp.de\/index.php\/wp-json\/wp\/v2\/media\/8997"}],"wp:attachment":[{"href":"https:\/\/guitar2amp.de\/index.php\/wp-json\/wp\/v2\/media?parent=8996"}],"wp:term":[{"taxonomy":"product_brand","embeddable":true,"href":"https:\/\/guitar2amp.de\/index.php\/wp-json\/wp\/v2\/product_brand?post=8996"},{"taxonomy":"product_cat","embeddable":true,"href":"https:\/\/guitar2amp.de\/index.php\/wp-json\/wp\/v2\/product_cat?post=8996"},{"taxonomy":"product_tag","embeddable":true,"href":"https:\/\/guitar2amp.de\/index.php\/wp-json\/wp\/v2\/product_tag?post=8996"}],"curies":[{"name":"wp","href":"https:\/\/api.w.org\/{rel}","templated":true}]}}