{"id":9006,"date":"2024-04-09T13:49:54","date_gmt":"2024-04-09T11:49:54","guid":{"rendered":"https:\/\/guitar2amp.de\/?post_type=product&#038;p=9006"},"modified":"2025-07-03T14:19:15","modified_gmt":"2025-07-03T12:19:15","slug":"xotic-robotalk-2-evenlope-filter-dual-auto-wah-3","status":"publish","type":"product","link":"https:\/\/guitar2amp.de\/index.php\/de\/product\/xotic-robotalk-2-evenlope-filter-dual-auto-wah-3\/","title":{"rendered":"Xotic Robotalk 2 Evenlope Filter Dual Auto Wah"},"content":{"rendered":"<p>Auto-Wah-Effekt , Envelope Filter. Zwei unabh\u00e4ngige Kan\u00e4le mit gro\u00dfartigen M\u00f6glichkeiten zur Klanggestaltung. Sie k\u00f6nnen einzeln oder gleichzeitig verwendet werden. Keine Originalverpackung. Sehr guter Zustand.<\/p>\n","protected":false},"excerpt":{"rendered":"<h2><span style=\"color: #ff0000;\"><strong>OUT OF STOCK<\/strong><\/span><\/h2>\n","protected":false},"featured_media":9007,"template":"","meta":{"_monsterinsights_skip_tracking":false,"_monsterinsights_sitenote_active":false,"_monsterinsights_sitenote_note":"","_monsterinsights_sitenote_category":0,"_uf_show_specific_survey":0,"_uf_disable_surveys":false,"_kadence_starter_templates_imported_post":false,"_kad_post_transparent":"default","_kad_post_title":"","_kad_post_layout":"default","_kad_post_sidebar_id":"","_kad_post_content_style":"default","_kad_post_vertical_padding":"default","_kad_post_feature":"","_kad_post_feature_position":"","_kad_post_header":false,"_kad_post_footer":false,"_kad_post_classname":""},"product_brand":[],"product_cat":[153],"product_tag":[],"class_list":{"0":"post-9006","1":"product","2":"type-product","3":"status-publish","4":"has-post-thumbnail","6":"product_cat-uncategorized-de","8":"first","9":"outofstock","10":"shipping-taxable","11":"product-type-simple","12":"entry","13":"content-bg","14":"loop-entry"},"jetpack_sharing_enabled":true,"_links":{"self":[{"href":"https:\/\/guitar2amp.de\/index.php\/wp-json\/wp\/v2\/product\/9006","targetHints":{"allow":["GET"]}}],"collection":[{"href":"https:\/\/guitar2amp.de\/index.php\/wp-json\/wp\/v2\/product"}],"about":[{"href":"https:\/\/guitar2amp.de\/index.php\/wp-json\/wp\/v2\/types\/product"}],"wp:featuredmedia":[{"embeddable":true,"href":"https:\/\/guitar2amp.de\/index.php\/wp-json\/wp\/v2\/media\/9007"}],"wp:attachment":[{"href":"https:\/\/guitar2amp.de\/index.php\/wp-json\/wp\/v2\/media?parent=9006"}],"wp:term":[{"taxonomy":"product_brand","embeddable":true,"href":"https:\/\/guitar2amp.de\/index.php\/wp-json\/wp\/v2\/product_brand?post=9006"},{"taxonomy":"product_cat","embeddable":true,"href":"https:\/\/guitar2amp.de\/index.php\/wp-json\/wp\/v2\/product_cat?post=9006"},{"taxonomy":"product_tag","embeddable":true,"href":"https:\/\/guitar2amp.de\/index.php\/wp-json\/wp\/v2\/product_tag?post=9006"}],"curies":[{"name":"wp","href":"https:\/\/api.w.org\/{rel}","templated":true}]}}