{"id":9132,"date":"2024-04-19T16:03:56","date_gmt":"2024-04-19T14:03:56","guid":{"rendered":"https:\/\/guitar2amp.de\/?post_type=product&#038;p=9132"},"modified":"2025-09-14T10:24:47","modified_gmt":"2025-09-14T08:24:47","slug":"fuchs-overdrive-supreme-100-ods-2x12-speaker-cabinet-feiten-2","status":"publish","type":"product","link":"https:\/\/guitar2amp.de\/index.php\/de\/product\/fuchs-overdrive-supreme-100-ods-2x12-speaker-cabinet-feiten-2\/","title":{"rendered":"Fuchs Overdrive Supreme 100 ODS  +2&#215;12 Speaker Cabinet Feiten"},"content":{"rendered":"<p>Fuchs Overdrive Supreme 100 \u201eDer Overdrive Supreme\u00ae bringt Sie mit seiner unnachgiebigen, sauberen Ansprache und der F\u00e4higkeit, auch bei sehr hohen Verst\u00e4rkungspegeln detailliert zu bleiben, mit Sicherheit direkt in eine zufriedenstellende Klangzone. Es hat auch die Eigenschaft, einen immer wieder zu inspirieren, je mehr man spielt.\u201c \u2013 \u00dcbersicht \u00fcber Guitar World Magazine ODS\u00ae<\/p>\n<p>In seinem zehnten Produktionsjahr hat der Overdrive Supreme\u00ae sowohl in inl\u00e4ndischen als auch in ausl\u00e4ndischen Publikationen begeisterte Kritiken erhalten, darunter eine sehr positive Rezension im japanischen \u201eGuitar Magazine\u201c sowie im Guitar Player Magazine (Februar 2005). Das ODS verf\u00fcgt \u00fcber eine Vollzeit-Effektschleife, die sowohl Line- als auch Pedalpegelsignale verarbeiten kann. Es kann im seriellen oder parallelen Modus betrieben werden und bleibt live, egal ob als Line-Out (zur Ansteuerung eines Mixers oder Soundsystems) oder als Line-In (f\u00fcr Gitarren-Synthesizer, Keyboard, Drumcomputer usw.). F\u00fcr einen nat\u00fcrlichen, warmen und dennoch detaillierten Hall wird eine ger\u00e4umige Accutronics 3-Federn-Hallpfanne mit langem Abklingen verwendet.<\/p>\n<p>Der Clean-Kanal verf\u00fcgt \u00fcber Brite- und Deep-Schalter sowie einen Rock\/Jazz-Schalter, der die Funktionsweise der Klangregler \u00e4ndert. Rock ist ein aggressiverer und druckvollerer, heller Ton, w\u00e4hrend Jazz schlanker und audiophiler ist, ausgewogener und sanfter. Es gibt passive High-Mid- und Low-Regler. Der hohe Regler sorgt f\u00fcr eine Anhebung der Mitten, der mittlere Regler f\u00fcr eine Anhebung der Verst\u00e4rkung (wodurch die Klangregler umgangen werden). Der Clean-Kanal fungiert als Vorverst\u00e4rker f\u00fcr den Overdrive-Kanal, und alle Klangregler und EQ-Schalter sind w\u00e4hrend der Overdrive-Nutzung aktiv, einschlie\u00dflich aller Boosts.<\/p>\n<p>Der Overdrive-Kanal verf\u00fcgt \u00fcber separate OD-In- und OD-Out-Regler. OD-In stellt den S\u00e4ttigungsgrad im Overdrive ein, w\u00e4hrend der OD-Out-Regler die endg\u00fcltige Balance zwischen sauberen und schmutzigen Kan\u00e4len einstellt. Es gibt eine globale Master-Lautst\u00e4rke-, Master-Reverb- und Akzentsteuerung, die der Ausgangsstufe Pr\u00e4senz und Rand verleiht.<\/p>\n<p>Der gesamte Audiosignalweg ist vollst\u00e4ndig r\u00f6hrenf\u00f6rmig (au\u00dfer Hall). Das ODS\u00ae verf\u00fcgt \u00fcber eine geregelte Hochspannungs-Gleichstromversorgung f\u00fcr geringstes Rauschen und einen gleichm\u00e4\u00dfigen Klang trotz Netzspannungsschwankungen und verf\u00fcgt au\u00dferdem \u00fcber geregelte Gleichstrom-Vorverst\u00e4rker-R\u00f6hrenheizungen f\u00fcr zus\u00e4tzliche Ger\u00e4uschreduzierung. Diese Techniken werden in den besten audiophilen und R\u00f6hrenstudioger\u00e4ten verwendet und sind einzigartig bei Gitarrenverst\u00e4rkern.<\/p>\n<p>Die Ausgangsstufe verf\u00fcgt \u00fcber separate 4- und 8-Ohm-Ausg\u00e4nge, AC- und Standby-Schalter sowie ein abnehmbares IEC-Netzkabel und eine externe Sicherung. Das Chassis besteht aus Flugzeugaluminium und ist zum Korrosionsschutz mit Goldiridit beschichtet. Wir verwenden eine Kombination aus Punkt-zu-Punkt- und Leiterplattenkonstruktion. Alle R\u00f6hren sind am Chassis montiert, w\u00e4hrend die Leistungs- und Ausgangstransformatoren direkt am Chassis montiert sind. Durch die Verwendung einer Einzelpunkterdung ist der Verst\u00e4rker bei allen Betriebspegeln leise und brummfrei.<\/p>\n<p>Hochstrom-Leistungstransformatoren und audiophile Ausgangstransformatoren sind Standard und werden individuell nach unseren Spezifikationen gefertigt.<\/p>\n<p>ODS\u00ae-Funktionen<\/p>\n<p>3\/4\u2033-Massivholzschr\u00e4nke mit langlebigen Tolex-Bez\u00fcgen. 3-teiliges Geh\u00e4use aus eloxiertem Aluminium mit langlebiger Siebdruckbeschriftung auf der R\u00fcckseite und Auflage aus geb\u00fcrstetem Aluminium auf der Vorderseite. Robuste Wagenheber der Marke Cliff. Alpha-Potentiometer mit massivem Metallschaft. Extrem langlebige Neon-Kontrolllampe und robuster Wechselstrom-Netzschalter. Einfache vom Benutzer einstellbare Vorspannung (au\u00dfer 30 W, bei der es sich um eine Kathodenvorspannung handelt). Die ODs-Combo-Verst\u00e4rker verf\u00fcgen \u00fcber abgestimmte r\u00fcckw\u00e4rtige Port-Designs, um Bass und Projektion zu maximieren.<\/p>\n<p>ODS\u00ae-Spezifikationen<\/p>\n<p>Gewicht: ca. 22kg<br \/>\nR\u00f6hrenkomplement: 4 x 12AX7 Vorverst\u00e4rkerr\u00f6hren, 4 x 6L6 (100 Watt)<br \/>\nEingangsimpedanz: 1 Meg<br \/>\nAusgangsimpedanzen: 4 und 8 Ohm<\/p>\n<p>212 Feiten-Kabinett<\/p>\n<p>\u00dcber 10 Jahre lang waren wir das einzige Unternehmen, das die Lizenz erhielt, diese originalgetreue Nachbildung der Original-Lautsprecherboxen herzustellen, die Buzz in den 80er-Jahren herstellte und die von Larry Carlton, Dean Parks und anderen namhaften Gitarristen verwendet wurden. Die Feiten-Box ist f\u00fcr ihr geringes Gewicht bekannt und klingt \u201egr\u00f6\u00dfer\u201c, als es ihre geringe Gr\u00f6\u00dfe zul\u00e4sst. Laut der Zeitschrift Guitar Player handelte es sich bei der Feiten-Box um \u201eeine 112-Box, die denkt, sie sei eine 212-Box.\u201c Das 212-Geh\u00e4use verf\u00fcgt \u00fcber einen Treiber vorne an der Schallwand und einen hinten an der Schallwand, die sich nur wenige Meter vom Geh\u00e4use entfernt befinden und f\u00fcr ein riesiges, volles Klangbild sorgen. Das Gitter wird mit Klettverschluss befestigt und kann leicht entfernt werden, ohne den Schrank zu demontieren. Das Geh\u00e4use des Feiten 212 ist 22 x 11 x 24 Zoll gro\u00df und das 212 wiegt nur ca. 19kg<\/p>\n","protected":false},"excerpt":{"rendered":"<p>Fuchs Overdrive Supreme 100 \u201eDer Overdrive Supreme\u00ae bringt Sie mit seiner unnachgiebigen, sauberen Ansprache und der F\u00e4higkeit, auch bei sehr hohen Verst\u00e4rkungspegeln detailliert zu bleiben, mit Sicherheit direkt in eine zufriedenstellende Klangzone. Es hat auch die Eigenschaft, einen immer wieder zu inspirieren, je mehr man spielt.\u201c \u2013 \u00dcbersicht \u00fcber Guitar World Magazine ODS\u00ae In seinem&#8230;<\/p>\n","protected":false},"featured_media":9133,"template":"","meta":{"_monsterinsights_skip_tracking":false,"_monsterinsights_sitenote_active":false,"_monsterinsights_sitenote_note":"","_monsterinsights_sitenote_category":0,"_uf_show_specific_survey":0,"_uf_disable_surveys":false,"_kadence_starter_templates_imported_post":false,"_kad_post_transparent":"default","_kad_post_title":"","_kad_post_layout":"default","_kad_post_sidebar_id":"","_kad_post_content_style":"default","_kad_post_vertical_padding":"default","_kad_post_feature":"","_kad_post_feature_position":"","_kad_post_header":false,"_kad_post_footer":false,"_kad_post_classname":""},"product_brand":[],"product_cat":[221,219],"product_tag":[],"class_list":{"0":"post-9132","1":"product","2":"type-product","3":"status-publish","4":"has-post-thumbnail","6":"product_cat-e-gitarren-verstaerke","7":"product_cat-verstaerke","8":"product_shipping_class-heavy-set","10":"first","11":"outofstock","12":"shipping-taxable","13":"product-type-simple","14":"entry","15":"content-bg","16":"loop-entry"},"jetpack_sharing_enabled":true,"_links":{"self":[{"href":"https:\/\/guitar2amp.de\/index.php\/wp-json\/wp\/v2\/product\/9132","targetHints":{"allow":["GET"]}}],"collection":[{"href":"https:\/\/guitar2amp.de\/index.php\/wp-json\/wp\/v2\/product"}],"about":[{"href":"https:\/\/guitar2amp.de\/index.php\/wp-json\/wp\/v2\/types\/product"}],"wp:featuredmedia":[{"embeddable":true,"href":"https:\/\/guitar2amp.de\/index.php\/wp-json\/wp\/v2\/media\/9133"}],"wp:attachment":[{"href":"https:\/\/guitar2amp.de\/index.php\/wp-json\/wp\/v2\/media?parent=9132"}],"wp:term":[{"taxonomy":"product_brand","embeddable":true,"href":"https:\/\/guitar2amp.de\/index.php\/wp-json\/wp\/v2\/product_brand?post=9132"},{"taxonomy":"product_cat","embeddable":true,"href":"https:\/\/guitar2amp.de\/index.php\/wp-json\/wp\/v2\/product_cat?post=9132"},{"taxonomy":"product_tag","embeddable":true,"href":"https:\/\/guitar2amp.de\/index.php\/wp-json\/wp\/v2\/product_tag?post=9132"}],"curies":[{"name":"wp","href":"https:\/\/api.w.org\/{rel}","templated":true}]}}