{"id":9294,"date":"2024-05-24T13:40:18","date_gmt":"2024-05-24T11:40:18","guid":{"rendered":"https:\/\/guitar2amp.de\/?post_type=product&#038;p=9294"},"modified":"2024-08-30T07:28:55","modified_gmt":"2024-08-30T05:28:55","slug":"prs-513-paul-reed-smith-10-top-3","status":"publish","type":"product","link":"https:\/\/guitar2amp.de\/index.php\/pl\/product\/prs-513-paul-reed-smith-10-top-3\/","title":{"rendered":"PRS 513 Paul Reed Smith 10 TOP"},"content":{"rendered":"<p>PRS Paul Reed Smith 513 10 Top. Pi\u0119kny instrument, ju\u017c nieprodukowany model. Szyjka i korpus maho\u0144, top z klonu wzorzystego. Palisandrowa podstrunnica, profil szyki pattern regular. 5 pickup\u00f3w daj\u0105cych 13 r\u00f3\u017cnych brzmie\u0144. Mamy dost\u0119pne opcje singiel coil, clear humbucking i heavy humbucking. Bardzo wygodny i \u015bwietnie brzmi\u0105cy instrument. Stan bardzo dobry, minimalne \u015blady u\u017cywania. W zestawie futera\u0142, rami\u0119 tremolo oraz papierologia z fabryki. Zapraszamy na testy. Na miejscu mo\u017cliwo\u015b\u0107 p\u0142atno\u015bci kart\u0105 i inne mo\u017cliwo\u015bci finansowania.<\/p>\n","protected":false},"excerpt":{"rendered":"<p>PRS Paul Reed Smith 513 10 Top. Pi\u0119kny instrument, ju\u017c nieprodukowany model. Szyjka i korpus maho\u0144, top z klonu wzorzystego. Palisandrowa podstrunnica, profil szyki pattern regular. 5 pickup\u00f3w daj\u0105cych 13 r\u00f3\u017cnych brzmie\u0144. Mamy dost\u0119pne opcje singiel coil, clear humbucking i heavy humbucking. Bardzo wygodny i \u015bwietnie brzmi\u0105cy instrument. Stan bardzo dobry, minimalne \u015blady u\u017cywania. W&#8230;<\/p>\n","protected":false},"featured_media":9295,"template":"","meta":{"_monsterinsights_skip_tracking":false,"_monsterinsights_sitenote_active":false,"_monsterinsights_sitenote_note":"","_monsterinsights_sitenote_category":0,"_uf_show_specific_survey":0,"_uf_disable_surveys":false,"_kadence_starter_templates_imported_post":false,"_kad_post_transparent":"default","_kad_post_title":"","_kad_post_layout":"default","_kad_post_sidebar_id":"","_kad_post_content_style":"default","_kad_post_vertical_padding":"default","_kad_post_feature":"","_kad_post_feature_position":"","_kad_post_header":false,"_kad_post_footer":false,"_kad_post_classname":""},"product_brand":[],"product_cat":[3636,3261],"product_tag":[],"class_list":{"0":"post-9294","1":"product","2":"type-product","3":"status-publish","4":"has-post-thumbnail","6":"product_cat-archiwum","7":"product_cat-gitary","9":"first","10":"outofstock","11":"shipping-taxable","12":"product-type-simple","13":"entry","14":"content-bg","15":"loop-entry"},"jetpack_sharing_enabled":true,"_links":{"self":[{"href":"https:\/\/guitar2amp.de\/index.php\/wp-json\/wp\/v2\/product\/9294","targetHints":{"allow":["GET"]}}],"collection":[{"href":"https:\/\/guitar2amp.de\/index.php\/wp-json\/wp\/v2\/product"}],"about":[{"href":"https:\/\/guitar2amp.de\/index.php\/wp-json\/wp\/v2\/types\/product"}],"wp:featuredmedia":[{"embeddable":true,"href":"https:\/\/guitar2amp.de\/index.php\/wp-json\/wp\/v2\/media\/9295"}],"wp:attachment":[{"href":"https:\/\/guitar2amp.de\/index.php\/wp-json\/wp\/v2\/media?parent=9294"}],"wp:term":[{"taxonomy":"product_brand","embeddable":true,"href":"https:\/\/guitar2amp.de\/index.php\/wp-json\/wp\/v2\/product_brand?post=9294"},{"taxonomy":"product_cat","embeddable":true,"href":"https:\/\/guitar2amp.de\/index.php\/wp-json\/wp\/v2\/product_cat?post=9294"},{"taxonomy":"product_tag","embeddable":true,"href":"https:\/\/guitar2amp.de\/index.php\/wp-json\/wp\/v2\/product_tag?post=9294"}],"curies":[{"name":"wp","href":"https:\/\/api.w.org\/{rel}","templated":true}]}}