{"id":9440,"date":"2024-07-17T12:34:21","date_gmt":"2024-07-17T10:34:21","guid":{"rendered":"https:\/\/guitar2amp.de\/?post_type=product&#038;p=9440"},"modified":"2025-01-28T09:59:18","modified_gmt":"2025-01-28T08:59:18","slug":"2014-fano-alt-de-facto-sp6-custom-dark-burst-2","status":"publish","type":"product","link":"https:\/\/guitar2amp.de\/index.php\/de\/product\/2014-fano-alt-de-facto-sp6-custom-dark-burst-2\/","title":{"rendered":"2014 Fano Alt De Facto SP6 Custom Dark Burst"},"content":{"rendered":"<p><strong>Fano SP6 in Dark Burst \u2013 Eine Mischung aus Vintage-Stil und moderner Spielbarkeit<\/strong><\/p>\n<p>Die <strong>Fano SP6<\/strong> ist eine sorgf\u00e4ltig gefertigte Gitarre aus der fr\u00fchen Produktionsperiode, die klassische \u00c4sthetik mit modernen Features kombiniert und ein einzigartiges Spielerlebnis bietet. Die Marke Fano wurde von Dennis Fano gegr\u00fcndet, einem talentierten Gitarrenbauer, der f\u00fcr seinen einzigartigen Ansatz im Gitarrendesign bekannt ist und Inspirationen aus klassischen Instrumenten mit seinem eigenen modernen Stil verbindet. Jede Fano-Gitarre ist ein Zeugnis der Handwerkskunst und Leidenschaft, die Dennis in die Herstellung von Instrumenten einbringt.<\/p>\n<p>Dieses Modell, das am 20. Januar 2014 fertiggestellt wurde, steht f\u00fcr die Qualit\u00e4t und Handwerkskunst, f\u00fcr die Fano-Gitarren bekannt sind.<\/p>\n<p><strong>Wichtige Merkmale der Fano SP6:<\/strong><\/p>\n<ul>\n<li><strong>Modell:<\/strong> SP6<\/li>\n<li><strong>Seriennummer:<\/strong> 914DF521635<\/li>\n<li><strong>Finish:<\/strong> Dark Burst, das der Gitarre einen reichen, Vintage-Look verleiht.<\/li>\n<li><strong>Korpusmaterial:<\/strong> Mahagoni mit einer geflammten Ahorn-Decke, die Stil und Eleganz hinzuf\u00fcgt und gleichzeitig warme T\u00f6ne mit hervorragender Resonanz und Sustain bietet.<\/li>\n<li><strong>Halsmaterial:<\/strong> Mahagoni, das einen stabilen und komfortablen Griff mit einem geschmeidigen Spielgef\u00fchl bietet.<\/li>\n<li><strong>Griffbrett:<\/strong> Palisander mit einem Compound-Radius (10&#8243; bis 16&#8243;), der Komfort und pr\u00e4zise Spielbarkeit \u00fcber das gesamte Griffbrett gew\u00e4hrleistet.<\/li>\n<li><strong>Hardware:<\/strong> Ausgestattet mit TonePros und Gotoh-Hardware f\u00fcr zuverl\u00e4ssige Leistung und Stimmstabilit\u00e4t.<\/li>\n<li><strong>Tonabnehmer:<\/strong> Zwei <strong>Lollar Imperial<\/strong> Humbucker, die vielseitige Kl\u00e4nge bieten, von klar und artikuliert bis zu reichhaltig und verzerrt.<\/li>\n<li><strong>Sattel- und Saitenh\u00f6he:<\/strong> Sorgf\u00e4ltig eingestellt f\u00fcr optimale Spielbarkeit, mit Messungen, die sowohl auf Bass- als auch auf Diskantsaiten abgestimmt sind.<\/li>\n<li><strong>Gewicht:<\/strong> Ungef\u00e4hr 3,5 kg, was sie zu einem gut ausbalancierten Instrument macht.<\/li>\n<\/ul>\n<p>Die <strong>Fano SP6<\/strong> ist nicht nur eine Gitarre; sie ist ein k\u00fcnstlerisches Statement mit ihrem gealterten Finish, das die Essenz eines Vintage-Instruments mit moderner Spielbarkeit einf\u00e4ngt. Inspiriert von den gro\u00dfen amerikanischen Gitarren der 1950er Jahre, ist dieses Modell perfekt f\u00fcr Musiker, die eine vielseitige und stilvolle Gitarre suchen, die eine breite Palette an Musikstilen bew\u00e4ltigen kann.<\/p>\n","protected":false},"excerpt":{"rendered":"<p>Die <strong>Fano Alt De Facto SP6<\/strong> ist ein fantastisches Custom-Instrument mit erstklassiger Verarbeitung. Sie verf\u00fcgt \u00fcber einen Mahagonikorpus mit einer geflammten Ahorn-Decke sowie einen Mahagonihals mit einem Palisandergriffbrett. Der Hals hat ein angenehm gro\u00dfes &#8220;C&#8221;-Profil und einen Griffbrettradius, der von 10&#8243; bis 16&#8243; reicht. Ausgestattet mit einer kurzen Tele-Br\u00fccke und <strong>Lollar Imperial<\/strong>-Tonabnehmern bietet sie eine breite Palette an Kl\u00e4ngen, von klar und pr\u00e4zise bis hin zu reichhaltig und verzerrt. Die Gitarre ist in einwandfreiem Zustand, wie neu, und wird mit einem luxuri\u00f6sen <strong>G&amp;G Deluxe<\/strong>-Koffer geliefert.<\/p>\n","protected":false},"featured_media":9421,"template":"","meta":{"_monsterinsights_skip_tracking":false,"_monsterinsights_sitenote_active":false,"_monsterinsights_sitenote_note":"","_monsterinsights_sitenote_category":0,"_uf_show_specific_survey":0,"_uf_disable_surveys":false,"_kadence_starter_templates_imported_post":false,"_kad_post_transparent":"default","_kad_post_title":"","_kad_post_layout":"default","_kad_post_sidebar_id":"","_kad_post_content_style":"default","_kad_post_vertical_padding":"default","_kad_post_feature":"","_kad_post_feature_position":"","_kad_post_header":false,"_kad_post_footer":false,"_kad_post_classname":""},"product_brand":[],"product_cat":[3640,203],"product_tag":[],"class_list":{"0":"post-9440","1":"product","2":"type-product","3":"status-publish","4":"has-post-thumbnail","6":"product_cat-archiv","7":"product_cat-gitarren","9":"first","10":"outofstock","11":"shipping-taxable","12":"product-type-simple","13":"entry","14":"content-bg","15":"loop-entry"},"jetpack_sharing_enabled":true,"_links":{"self":[{"href":"https:\/\/guitar2amp.de\/index.php\/wp-json\/wp\/v2\/product\/9440","targetHints":{"allow":["GET"]}}],"collection":[{"href":"https:\/\/guitar2amp.de\/index.php\/wp-json\/wp\/v2\/product"}],"about":[{"href":"https:\/\/guitar2amp.de\/index.php\/wp-json\/wp\/v2\/types\/product"}],"wp:featuredmedia":[{"embeddable":true,"href":"https:\/\/guitar2amp.de\/index.php\/wp-json\/wp\/v2\/media\/9421"}],"wp:attachment":[{"href":"https:\/\/guitar2amp.de\/index.php\/wp-json\/wp\/v2\/media?parent=9440"}],"wp:term":[{"taxonomy":"product_brand","embeddable":true,"href":"https:\/\/guitar2amp.de\/index.php\/wp-json\/wp\/v2\/product_brand?post=9440"},{"taxonomy":"product_cat","embeddable":true,"href":"https:\/\/guitar2amp.de\/index.php\/wp-json\/wp\/v2\/product_cat?post=9440"},{"taxonomy":"product_tag","embeddable":true,"href":"https:\/\/guitar2amp.de\/index.php\/wp-json\/wp\/v2\/product_tag?post=9440"}],"curies":[{"name":"wp","href":"https:\/\/api.w.org\/{rel}","templated":true}]}}