{"id":9551,"date":"2024-08-05T18:55:35","date_gmt":"2024-08-05T16:55:35","guid":{"rendered":"https:\/\/guitar2amp.de\/?post_type=product&#038;p=9551"},"modified":"2025-10-11T16:27:29","modified_gmt":"2025-10-11T14:27:29","slug":"lsl-saticoy-custom-hss-absolutely","status":"publish","type":"product","link":"https:\/\/guitar2amp.de\/index.php\/de\/product\/lsl-saticoy-custom-hss-absolutely\/","title":{"rendered":"LSL Saticoy Custom HSS &#8220;Absolutely&#8221;"},"content":{"rendered":"<p><strong>LSL Saticoy Custom in Cobalt Blue Metallic Sparkle \u2013 Klassischer Stratocaster-Stil mit moderner Handwerkskunst<\/strong><\/p>\n<p>Wir pr\u00e4sentieren die <strong>LSL Saticoy Custom<\/strong> im <strong>Cobalt Blue Metallic Sparkle<\/strong> Finish \u2013 eine Gitarre, die den klassischen Stratocaster-Stil mit modernen klanglichen M\u00f6glichkeiten vereint. Diese im klassischen S-Stil designte Gitarre wurde f\u00fcr Musiker entwickelt, die erstklassige Verarbeitung und klangliche Vielseitigkeit sch\u00e4tzen.<\/p>\n<p><strong>Spezifikationen der LSL Saticoy Custom:<\/strong><\/p>\n<ul>\n<li><strong>Korpus:<\/strong> Aus Erle gefertigt, sorgt f\u00fcr dynamischen und klaren Klang mit exzellenter Projektion.<\/li>\n<li><strong>Hals:<\/strong> Aus einem St\u00fcck Master Grade Roasted Flame Maple 5A gefertigt, bietet au\u00dfergew\u00f6hnliche Stabilit\u00e4t, Haltbarkeit und \u00e4sthetischen Reiz dank seines sch\u00f6nen Flammenmusters. Das Medium-C-Profil mit Satin-Finish sorgt f\u00fcr Komfort und eine geschmeidige Spielbarkeit.<\/li>\n<li><strong>Griffbrett:<\/strong> Hergestellt aus demselben St\u00fcck ger\u00f6stetem Flammenahorn (5A), erh\u00f6ht es die Stabilit\u00e4t und Widerstandsf\u00e4higkeit gegen wechselnde Wetterbedingungen, mit einem Radius von 9,5&#8243; f\u00fcr komfortables und vielseitiges Spiel.<\/li>\n<li><strong>Tonabnehmer:<\/strong> Handgewickelte Tonabnehmer von LSL in HSS-Konfiguration (Humbucker an der Br\u00fccke und zwei Single Coils am Hals und in der Mitte), die eine breite Klangpalette bieten \u2013 von warmen, vollen Humbucker-Sounds bis hin zu hellen, klaren Single-Coil-T\u00f6nen. Die Coil-Splitting-Option erm\u00f6glicht zus\u00e4tzliche klangliche M\u00f6glichkeiten.<\/li>\n<li><strong>Finish:<\/strong> <strong>Cobalt Blue Metallic Sparkle<\/strong> mit <strong>Checking Only<\/strong> Aging, das der Gitarre ein dezentes, Vintage-\u00e4hnliches Aussehen verleiht.<\/li>\n<li><strong>Br\u00fccke:<\/strong> Klassische Vintage-Style-Br\u00fccke, die Stimmstabilit\u00e4t und pr\u00e4zise Intonation bietet.<\/li>\n<li><strong>Kontrollen:<\/strong> 5-Wege-Schalter, Lautst\u00e4rke- und Tonregler mit Push\/Pull-Funktion zum Splitten der Humbucker-Coils, was noch mehr klangliche Vielseitigkeit erm\u00f6glicht.<\/li>\n<li><strong>Pickguard:<\/strong> Schwarz-silber (3-lagig), verleiht einen modernen Look.<\/li>\n<li><strong>Koffer:<\/strong> Kommt mit einem exklusiven <strong>G&amp;G<\/strong> Koffer, der hervorragenden Schutz f\u00fcr das Instrument w\u00e4hrend des Transports und der Lagerung bietet.<\/li>\n<\/ul>\n<p><strong>Guitar2Amp \u2013 Offizieller H\u00e4ndler von LsL Instruments:<\/strong><\/p>\n<p><strong>Guitar2Amp<\/strong> ist der offizielle Vertriebspartner von <strong>LsL Instruments<\/strong> in Polen und Deutschland. Als autorisierter H\u00e4ndler bieten wir die M\u00f6glichkeit, <strong>LsL<\/strong>-Gitarren mit individuellen Spezifikationen zu bestellen, die auf Ihre pers\u00f6nlichen Bed\u00fcrfnisse zugeschnitten sind. Kontaktieren Sie uns unter <strong><a rel=\"noopener\">info@guitar2amp.de<\/a><\/strong>\u00a0f\u00fcr Preisangaben und weitere Informationen.<\/p>\n<p><strong>Warum die LSL Saticoy Custom w\u00e4hlen?<\/strong><\/p>\n<p>Die <strong>LSL Saticoy Custom<\/strong> ist die perfekte Wahl f\u00fcr Gitarristen, die ein Instrument suchen, das den klassischen Stratocaster-Look mit modernen klanglichen M\u00f6glichkeiten kombiniert. Mit hochwertiger Verarbeitung, vielseitigen Tonabnehmern und einem einzigartigen Finish ist diese Gitarre sowohl f\u00fcr das Studio als auch f\u00fcr die B\u00fchne ideal. Es ist ein Instrument, das nicht nur au\u00dfergew\u00f6hnlichen Klang, sondern auch Stil und Spielkomfort bietet.<\/p>\n","protected":false},"excerpt":{"rendered":"<p>Guitar2Amp \u2013 wir sind der offizielle Vertreter und Distributor von LsL Instruments in Polen und Deutschland. Sie k\u00f6nnen Ihre Traumgitarre oder Ihren Wunschbass in der gew\u00e4hlten Ausf\u00fchrung bestellen. Kontaktieren Sie uns f\u00fcr weitere Informationen: info@guitar2amp.de<\/p>\n<p>Die <strong>LSL Saticoy Custom<\/strong> im <strong>Cobalt Blue Metallic Sparkle<\/strong> Finish ist eine Stratocaster-Style-Gitarre aus Erle mit einem einteiligen Hals aus Master Grade Roasted Flame Maple 5A. Ausgestattet mit handgewickelten HSS-Tonabnehmern von LSL und einer Coil-Splitting-Option bietet sie vielseitige Kl\u00e4nge. Das <strong>checking only<\/strong> Aging verleiht ihr einen dezenten Vintage-Charakter. Inklusive <strong>G&amp;G<\/strong> Koffer<\/p>\n<p>&nbsp;<br \/>\n<a href=\"https:\/\/guitar2amp.de\/index.php\/de\/lsl-instruments_de\/\"><\/p>\n<p data-start=\"888\" data-end=\"1098\"><strong>Weitere Gitarren von LSL Instruments \u2192<\/strong><\/p>\n<p><\/a><\/p>\n","protected":false},"featured_media":13659,"template":"","meta":{"_monsterinsights_skip_tracking":false,"_monsterinsights_sitenote_active":false,"_monsterinsights_sitenote_note":"","_monsterinsights_sitenote_category":0,"_uf_show_specific_survey":0,"_uf_disable_surveys":false,"_kadence_starter_templates_imported_post":false,"_kad_post_transparent":"default","_kad_post_title":"","_kad_post_layout":"default","_kad_post_sidebar_id":"","_kad_post_content_style":"default","_kad_post_vertical_padding":"default","_kad_post_feature":"","_kad_post_feature_position":"","_kad_post_header":false,"_kad_post_footer":false,"_kad_post_classname":""},"product_brand":[],"product_cat":[207,203,4275],"product_tag":[],"class_list":{"0":"post-9551","1":"product","2":"type-product","3":"status-publish","4":"has-post-thumbnail","6":"product_cat-e-gitarren","7":"product_cat-gitarren","8":"product_cat-lsl-instruments","9":"product_shipping_class-medium","11":"first","12":"instock","13":"shipping-taxable","14":"purchasable","15":"product-type-simple","16":"entry","17":"content-bg","18":"loop-entry"},"jetpack_sharing_enabled":true,"_links":{"self":[{"href":"https:\/\/guitar2amp.de\/index.php\/wp-json\/wp\/v2\/product\/9551","targetHints":{"allow":["GET"]}}],"collection":[{"href":"https:\/\/guitar2amp.de\/index.php\/wp-json\/wp\/v2\/product"}],"about":[{"href":"https:\/\/guitar2amp.de\/index.php\/wp-json\/wp\/v2\/types\/product"}],"wp:featuredmedia":[{"embeddable":true,"href":"https:\/\/guitar2amp.de\/index.php\/wp-json\/wp\/v2\/media\/13659"}],"wp:attachment":[{"href":"https:\/\/guitar2amp.de\/index.php\/wp-json\/wp\/v2\/media?parent=9551"}],"wp:term":[{"taxonomy":"product_brand","embeddable":true,"href":"https:\/\/guitar2amp.de\/index.php\/wp-json\/wp\/v2\/product_brand?post=9551"},{"taxonomy":"product_cat","embeddable":true,"href":"https:\/\/guitar2amp.de\/index.php\/wp-json\/wp\/v2\/product_cat?post=9551"},{"taxonomy":"product_tag","embeddable":true,"href":"https:\/\/guitar2amp.de\/index.php\/wp-json\/wp\/v2\/product_tag?post=9551"}],"curies":[{"name":"wp","href":"https:\/\/api.w.org\/{rel}","templated":true}]}}