{"id":9594,"date":"2024-08-05T19:09:09","date_gmt":"2024-08-05T17:09:09","guid":{"rendered":"https:\/\/guitar2amp.de\/?post_type=product&#038;p=9594"},"modified":"2025-10-11T17:15:33","modified_gmt":"2025-10-11T15:15:33","slug":"lsl-saticoy-custom-hss-absolutely-2","status":"publish","type":"product","link":"https:\/\/guitar2amp.de\/index.php\/pl\/product\/lsl-saticoy-custom-hss-absolutely-2\/","title":{"rendered":"LSL Saticoy Custom HSS &#8220;Absolutely&#8221;"},"content":{"rendered":"<p><strong>LSL Saticoy Custom w kolorze Cobalt Blue Metallic Sparkle \u2013 Klasyczny Styl Stratocastera z Nowoczesnym Wykonaniem<\/strong><\/p>\n<p>Przedstawiamy <strong>LSL Saticoy Custom<\/strong> w wyko\u0144czeniu <strong>Cobalt Blue Metallic Sparkle<\/strong> \u2013 gitar\u0119, kt\u00f3ra \u0142\u0105czy klasyczny styl Stratocastera z nowoczesnymi mo\u017cliwo\u015bciami brzmieniowymi. Zaprojektowana w klasycznym stylu S, ta gitara zosta\u0142a stworzona dla muzyk\u00f3w, kt\u00f3rzy ceni\u0105 najwy\u017csz\u0105 jako\u015b\u0107 wykonania i wszechstronno\u015b\u0107 tonaln\u0105.<\/p>\n<p><strong>Specyfikacja LSL Saticoy Custom:<\/strong><\/p>\n<ul>\n<li><strong>Korpus:<\/strong> Wykonany z olchy, co zapewnia dynamiczne i wyraziste brzmienie z doskona\u0142\u0105 projekcj\u0105 d\u017awi\u0119ku.<\/li>\n<li><strong>Gryf:<\/strong> Wykonany z jednego kawa\u0142ka klonu pieczonego Master Grade Roasted Flame Maple 5A, co zapewnia wyj\u0105tkow\u0105 stabilno\u015b\u0107, trwa\u0142o\u015b\u0107 oraz estetyczny wygl\u0105d dzi\u0119ki pi\u0119knemu wzorowi s\u0142oj\u00f3w. Gryf o profilu Medium C, wyko\u0144czony satyn\u0105, oferuje komfort gry i p\u0142ynno\u015b\u0107 ruchu.<\/li>\n<li><strong>Podstrunnica:<\/strong> Wykonana z tego samego kawa\u0142ka pieczonego klonu (roasted flame maple 5A), co zwi\u0119ksza stabilno\u015b\u0107 i odporno\u015b\u0107 na zmienne warunki atmosferyczne, z promieniem 9,5&#8243; dla wygodnej gry i wszechstronnych technik.<\/li>\n<li><strong>Przetworniki:<\/strong> R\u0119cznie nawijane przetworniki przez LSL w konfiguracji HSS (humbucker przy mostku oraz dwa single coil przy gryfie i w \u015brodku), oferuj\u0105ce szeroki zakres tonalny \u2013 od ciep\u0142ych, pe\u0142nych d\u017awi\u0119k\u00f3w humbuckera po jasne, krystaliczne brzmienia singli. Opcja coil split umo\u017cliwia dodatkowe mo\u017cliwo\u015bci tonalne.<\/li>\n<li><strong>Wyko\u0144czenie:<\/strong> <strong>Cobalt Blue Metallic Sparkle<\/strong> z postarzeniem <strong>checking only<\/strong>, co dodaje gitarze subtelnego, vintage\u2019owego wygl\u0105du.<\/li>\n<li><strong>Mostek:<\/strong> Klasyczny mostek vintage, kt\u00f3ry zapewnia stabilno\u015b\u0107 stroju i precyzyjn\u0105 intonacj\u0119.<\/li>\n<li><strong>Kontrola:<\/strong> 5-pozycyjny prze\u0142\u0105cznik, potencjometry volume i tone z funkcj\u0105 push\/pull dla rozdzielania cewek humbuckera, co pozwala na jeszcze wi\u0119ksz\u0105 wszechstronno\u015b\u0107 tonaln\u0105.<\/li>\n<li><strong>Pickguard:<\/strong> Czarno-srebrny (3-warstwowy), dodaj\u0105cy nowoczesnego wygl\u0105du.<\/li>\n<li><strong>Futera\u0142:<\/strong> W zestawie ekskluzywny futera\u0142 <strong>G&amp;G<\/strong>, kt\u00f3ry zapewnia doskona\u0142\u0105 ochron\u0119 instrumentu podczas transportu i przechowywania.<\/li>\n<\/ul>\n<p><strong>Guitar2Amp \u2013 Oficjalny Dealer LsL Instruments:<\/strong><\/p>\n<p><strong>Guitar2Amp<\/strong> jest oficjalnym dystrybutorem <strong>LsL Instruments<\/strong> w Polsce i Niemczech. Jako autoryzowany sprzedawca oferujemy mo\u017cliwo\u015b\u0107 zamawiania gitar <strong>LsL<\/strong> z dowolnymi specyfikacjami, dostosowanymi do indywidualnych potrzeb. Skontaktuj si\u0119 z nami pod adresem <strong><a rel=\"noopener\">info@guitar2amp.pl<\/a><\/strong> w celu uzyskania wyceny i dalszych informacji.<\/p>\n<p><strong>Dlaczego warto wybra\u0107 LSL Saticoy Custom?<\/strong><\/p>\n<p>Gitara <strong>LSL Saticoy Custom<\/strong> to doskona\u0142y wyb\u00f3r dla gitarzyst\u00f3w, kt\u00f3rzy poszukuj\u0105 instrumentu \u0142\u0105cz\u0105cego klasyczny wygl\u0105d Stratocastera z nowoczesnymi mo\u017cliwo\u015bciami brzmieniowymi. Dzi\u0119ki wysokiej jako\u015bci wykonaniu, wszechstronnym przetwornikom i unikalnemu wyko\u0144czeniu, ta gitara jest idealnym wyborem zar\u00f3wno do studia, jak i na scen\u0119. To instrument, kt\u00f3ry zapewnia nie tylko doskona\u0142e brzmienie, ale tak\u017ce styl i komfort gry.<\/p>\n","protected":false},"excerpt":{"rendered":"<p>Guitar2Amp \u2013 jeste\u015bmy oficjalnym przedstawicielem i dystrybutorem LsL Instruments w Polsce i Niemczech. Mo\u017cesz zam\u00f3wi\u0107 wymarzon\u0105 gitar\u0119 lub bas w wybranej specyfikacji. Skontaktuj si\u0119 z nami, aby uzyska\u0107 wi\u0119cej informacji: info@guitar2amp.pl<\/p>\n<p><strong>LSL Saticoy Custom<\/strong> w wyko\u0144czeniu <strong>Cobalt Blue Metallic Sparkle<\/strong> to gitara w stylu Stratocastera, wykonana z olchy, z gryfem z jednego kawa\u0142ka pieczonego klonu (Master Grade Roasted Flame Maple 5A). Wyposa\u017cona w r\u0119cznie nawijane przetworniki HSS przez LSL i opcj\u0119 coil split, oferuje wszechstronne brzmienia. Postarzenie <strong>checking only<\/strong> dodaje subtelnego, vintage\u2019owego charakteru. W zestawie futera\u0142 <strong>G&amp;G<\/strong>.<\/p>\n<p><a href=\"https:\/\/guitar2amp.de\/index.php\/pl\/lsl-instruments_pl\/\"><strong data-start=\"393\" data-end=\"437\">Zobacz wi\u0119cej gitar od LSL Instruments \u2192<\/strong><\/a><\/p>\n","protected":false},"featured_media":13640,"template":"","meta":{"_monsterinsights_skip_tracking":false,"_monsterinsights_sitenote_active":false,"_monsterinsights_sitenote_note":"","_monsterinsights_sitenote_category":0,"_uf_show_specific_survey":0,"_uf_disable_surveys":false,"_kadence_starter_templates_imported_post":false,"_kad_post_transparent":"default","_kad_post_title":"","_kad_post_layout":"default","_kad_post_sidebar_id":"","_kad_post_content_style":"default","_kad_post_vertical_padding":"default","_kad_post_feature":"","_kad_post_feature_position":"","_kad_post_header":false,"_kad_post_footer":false,"_kad_post_classname":""},"product_brand":[],"product_cat":[3265,3261,4277],"product_tag":[],"class_list":{"0":"post-9594","1":"product","2":"type-product","3":"status-publish","4":"has-post-thumbnail","6":"product_cat-elektryczne-pl","7":"product_cat-gitary","8":"product_cat-lsl-instruments-pl","9":"product_shipping_class-medium","11":"first","12":"instock","13":"shipping-taxable","14":"purchasable","15":"product-type-simple","16":"entry","17":"content-bg","18":"loop-entry"},"jetpack_sharing_enabled":true,"_links":{"self":[{"href":"https:\/\/guitar2amp.de\/index.php\/wp-json\/wp\/v2\/product\/9594","targetHints":{"allow":["GET"]}}],"collection":[{"href":"https:\/\/guitar2amp.de\/index.php\/wp-json\/wp\/v2\/product"}],"about":[{"href":"https:\/\/guitar2amp.de\/index.php\/wp-json\/wp\/v2\/types\/product"}],"wp:featuredmedia":[{"embeddable":true,"href":"https:\/\/guitar2amp.de\/index.php\/wp-json\/wp\/v2\/media\/13640"}],"wp:attachment":[{"href":"https:\/\/guitar2amp.de\/index.php\/wp-json\/wp\/v2\/media?parent=9594"}],"wp:term":[{"taxonomy":"product_brand","embeddable":true,"href":"https:\/\/guitar2amp.de\/index.php\/wp-json\/wp\/v2\/product_brand?post=9594"},{"taxonomy":"product_cat","embeddable":true,"href":"https:\/\/guitar2amp.de\/index.php\/wp-json\/wp\/v2\/product_cat?post=9594"},{"taxonomy":"product_tag","embeddable":true,"href":"https:\/\/guitar2amp.de\/index.php\/wp-json\/wp\/v2\/product_tag?post=9594"}],"curies":[{"name":"wp","href":"https:\/\/api.w.org\/{rel}","templated":true}]}}